
{"id":1496,"date":"2021-03-31T03:04:10","date_gmt":"2021-03-31T07:04:10","guid":{"rendered":"https:\/\/staging.jfsenate.flywheelsites.com\/home-es\/"},"modified":"2021-04-01T04:01:37","modified_gmt":"2021-04-01T08:01:37","slug":"home-es","status":"publish","type":"page","link":"https:\/\/johnfetterman.com\/es\/","title":{"rendered":"Home (ES)"},"content":{"rendered":"","protected":false},"excerpt":{"rendered":"","protected":false},"author":23,"featured_media":0,"parent":0,"menu_order":-9999,"comment_status":"closed","ping_status":"closed","template":"front-page.php","meta":{"_acf_changed":false,"footnotes":""},"class_list":["post-1496","page","type-page","status-publish","hentry"],"acf":[],"yoast_head":"<!-- This site is optimized with the Yoast SEO plugin v27.5 - https:\/\/yoast.com\/product\/yoast-seo-wordpress\/ -->\n<title>John Fetterman - Sitio web oficial de la campa\u00f1a<\/title>\n<meta name=\"description\" content=\"John no se mira como el pol\u00edtico t\u00edpico, y mucho menos act\u00faa como uno de ellos.\" \/>\n<meta name=\"robots\" content=\"index, follow, max-snippet:-1, max-image-preview:large, max-video-preview:-1\" \/>\n<link rel=\"canonical\" href=\"https:\/\/johnfetterman.com\/es\/\" \/>\n<meta property=\"og:locale\" content=\"es_ES\" \/>\n<meta property=\"og:type\" content=\"article\" \/>\n<meta property=\"og:title\" content=\"John Fetterman - Sitio web oficial de la campa\u00f1a\" \/>\n<meta property=\"og:description\" content=\"John no se mira como el pol\u00edtico t\u00edpico, y mucho menos act\u00faa como uno de ellos.\" \/>\n<meta property=\"og:url\" content=\"https:\/\/johnfetterman.com\/es\/\" \/>\n<meta property=\"og:site_name\" content=\"John Fetterman\" \/>\n<meta property=\"article:publisher\" content=\"https:\/\/www.facebook.com\/JohnFettermanPA\/\" \/>\n<meta property=\"article:modified_time\" content=\"2021-04-01T08:01:37+00:00\" \/>\n<meta property=\"og:image\" content=\"https:\/\/johnfetterman.com\/wp-content\/uploads\/2021\/01\/meta-1024x529.png\" \/>\n\t<meta property=\"og:image:width\" content=\"1024\" \/>\n\t<meta property=\"og:image:height\" content=\"529\" \/>\n\t<meta property=\"og:image:type\" content=\"image\/png\" \/>\n<meta name=\"twitter:card\" content=\"summary_large_image\" \/>\n<meta name=\"twitter:description\" content=\"John no se mira como el pol\u00edtico t\u00edpico, y mucho menos act\u00faa como uno de ellos.\" \/>\n<meta name=\"twitter:site\" content=\"@johnfetterman\" \/>\n<script type=\"application\/ld+json\" class=\"yoast-schema-graph\">{\"@context\":\"https:\\\/\\\/schema.org\",\"@graph\":[{\"@type\":\"WebPage\",\"@id\":\"https:\\\/\\\/johnfetterman.com\\\/es\\\/\",\"url\":\"https:\\\/\\\/johnfetterman.com\\\/es\\\/\",\"name\":\"John Fetterman - Sitio web oficial de la campa\u00f1a\",\"isPartOf\":{\"@id\":\"https:\\\/\\\/johnfetterman.com\\\/es\\\/#website\"},\"datePublished\":\"2021-03-31T07:04:10+00:00\",\"dateModified\":\"2021-04-01T08:01:37+00:00\",\"description\":\"John no se mira como el pol\u00edtico t\u00edpico, y mucho menos act\u00faa como uno de ellos.\",\"breadcrumb\":{\"@id\":\"https:\\\/\\\/johnfetterman.com\\\/es\\\/#breadcrumb\"},\"inLanguage\":\"es-ES\",\"potentialAction\":[{\"@type\":\"ReadAction\",\"target\":[\"https:\\\/\\\/johnfetterman.com\\\/es\\\/\"]}]},{\"@type\":\"BreadcrumbList\",\"@id\":\"https:\\\/\\\/johnfetterman.com\\\/es\\\/#breadcrumb\",\"itemListElement\":[{\"@type\":\"ListItem\",\"position\":1,\"name\":\"Home\",\"item\":\"https:\\\/\\\/johnfetterman.com\\\/es\\\/\"},{\"@type\":\"ListItem\",\"position\":2,\"name\":\"Home (ES)\"}]},{\"@type\":\"WebSite\",\"@id\":\"https:\\\/\\\/johnfetterman.com\\\/es\\\/#website\",\"url\":\"https:\\\/\\\/johnfetterman.com\\\/es\\\/\",\"name\":\"John Fetterman\",\"description\":\"Sitio web oficial de la campa\u00f1a\",\"publisher\":{\"@id\":\"https:\\\/\\\/johnfetterman.com\\\/es\\\/#organization\"},\"potentialAction\":[{\"@type\":\"SearchAction\",\"target\":{\"@type\":\"EntryPoint\",\"urlTemplate\":\"https:\\\/\\\/johnfetterman.com\\\/es\\\/?s={search_term_string}\"},\"query-input\":{\"@type\":\"PropertyValueSpecification\",\"valueRequired\":true,\"valueName\":\"search_term_string\"}}],\"inLanguage\":\"es-ES\"},{\"@type\":\"Organization\",\"@id\":\"https:\\\/\\\/johnfetterman.com\\\/es\\\/#organization\",\"name\":\"John Fetterman\",\"url\":\"https:\\\/\\\/johnfetterman.com\\\/es\\\/\",\"logo\":{\"@type\":\"ImageObject\",\"inLanguage\":\"es-ES\",\"@id\":\"https:\\\/\\\/johnfetterman.com\\\/es\\\/#\\\/schema\\\/logo\\\/image\\\/\",\"url\":\"https:\\\/\\\/johnfetterman.com\\\/wp-content\\\/uploads\\\/2021\\\/01\\\/jf-logo.png\",\"contentUrl\":\"https:\\\/\\\/johnfetterman.com\\\/wp-content\\\/uploads\\\/2021\\\/01\\\/jf-logo.png\",\"width\":227,\"height\":58,\"caption\":\"John Fetterman\"},\"image\":{\"@id\":\"https:\\\/\\\/johnfetterman.com\\\/es\\\/#\\\/schema\\\/logo\\\/image\\\/\"},\"sameAs\":[\"https:\\\/\\\/www.facebook.com\\\/JohnFettermanPA\\\/\",\"https:\\\/\\\/x.com\\\/johnfetterman\",\"https:\\\/\\\/instagram.com\\\/johnfetterman\",\"https:\\\/\\\/www.youtube.com\\\/channel\\\/UCxY2CYHyZaHUkK9HyxKDMDA\"]}]}<\/script>\n<!-- \/ Yoast SEO plugin. -->","yoast_head_json":{"title":"John Fetterman - Sitio web oficial de la campa\u00f1a","description":"John no se mira como el pol\u00edtico t\u00edpico, y mucho menos act\u00faa como uno de ellos.","robots":{"index":"index","follow":"follow","max-snippet":"max-snippet:-1","max-image-preview":"max-image-preview:large","max-video-preview":"max-video-preview:-1"},"canonical":"https:\/\/johnfetterman.com\/es\/","og_locale":"es_ES","og_type":"article","og_title":"John Fetterman - Sitio web oficial de la campa\u00f1a","og_description":"John no se mira como el pol\u00edtico t\u00edpico, y mucho menos act\u00faa como uno de ellos.","og_url":"https:\/\/johnfetterman.com\/es\/","og_site_name":"John Fetterman","article_publisher":"https:\/\/www.facebook.com\/JohnFettermanPA\/","article_modified_time":"2021-04-01T08:01:37+00:00","og_image":[{"width":1024,"height":529,"url":"https:\/\/johnfetterman.com\/wp-content\/uploads\/2021\/01\/meta-1024x529.png","type":"image\/png"}],"twitter_card":"summary_large_image","twitter_description":"John no se mira como el pol\u00edtico t\u00edpico, y mucho menos act\u00faa como uno de ellos.","twitter_site":"@johnfetterman","schema":{"@context":"https:\/\/schema.org","@graph":[{"@type":"WebPage","@id":"https:\/\/johnfetterman.com\/es\/","url":"https:\/\/johnfetterman.com\/es\/","name":"John Fetterman - Sitio web oficial de la campa\u00f1a","isPartOf":{"@id":"https:\/\/johnfetterman.com\/es\/#website"},"datePublished":"2021-03-31T07:04:10+00:00","dateModified":"2021-04-01T08:01:37+00:00","description":"John no se mira como el pol\u00edtico t\u00edpico, y mucho menos act\u00faa como uno de ellos.","breadcrumb":{"@id":"https:\/\/johnfetterman.com\/es\/#breadcrumb"},"inLanguage":"es-ES","potentialAction":[{"@type":"ReadAction","target":["https:\/\/johnfetterman.com\/es\/"]}]},{"@type":"BreadcrumbList","@id":"https:\/\/johnfetterman.com\/es\/#breadcrumb","itemListElement":[{"@type":"ListItem","position":1,"name":"Home","item":"https:\/\/johnfetterman.com\/es\/"},{"@type":"ListItem","position":2,"name":"Home (ES)"}]},{"@type":"WebSite","@id":"https:\/\/johnfetterman.com\/es\/#website","url":"https:\/\/johnfetterman.com\/es\/","name":"John Fetterman","description":"Sitio web oficial de la campa\u00f1a","publisher":{"@id":"https:\/\/johnfetterman.com\/es\/#organization"},"potentialAction":[{"@type":"SearchAction","target":{"@type":"EntryPoint","urlTemplate":"https:\/\/johnfetterman.com\/es\/?s={search_term_string}"},"query-input":{"@type":"PropertyValueSpecification","valueRequired":true,"valueName":"search_term_string"}}],"inLanguage":"es-ES"},{"@type":"Organization","@id":"https:\/\/johnfetterman.com\/es\/#organization","name":"John Fetterman","url":"https:\/\/johnfetterman.com\/es\/","logo":{"@type":"ImageObject","inLanguage":"es-ES","@id":"https:\/\/johnfetterman.com\/es\/#\/schema\/logo\/image\/","url":"https:\/\/johnfetterman.com\/wp-content\/uploads\/2021\/01\/jf-logo.png","contentUrl":"https:\/\/johnfetterman.com\/wp-content\/uploads\/2021\/01\/jf-logo.png","width":227,"height":58,"caption":"John Fetterman"},"image":{"@id":"https:\/\/johnfetterman.com\/es\/#\/schema\/logo\/image\/"},"sameAs":["https:\/\/www.facebook.com\/JohnFettermanPA\/","https:\/\/x.com\/johnfetterman","https:\/\/instagram.com\/johnfetterman","https:\/\/www.youtube.com\/channel\/UCxY2CYHyZaHUkK9HyxKDMDA"]}]}},"_links":{"self":[{"href":"https:\/\/johnfetterman.com\/es\/wp-json\/wp\/v2\/pages\/1496","targetHints":{"allow":["GET"]}}],"collection":[{"href":"https:\/\/johnfetterman.com\/es\/wp-json\/wp\/v2\/pages"}],"about":[{"href":"https:\/\/johnfetterman.com\/es\/wp-json\/wp\/v2\/types\/page"}],"author":[{"embeddable":true,"href":"https:\/\/johnfetterman.com\/es\/wp-json\/wp\/v2\/users\/23"}],"replies":[{"embeddable":true,"href":"https:\/\/johnfetterman.com\/es\/wp-json\/wp\/v2\/comments?post=1496"}],"version-history":[{"count":0,"href":"https:\/\/johnfetterman.com\/es\/wp-json\/wp\/v2\/pages\/1496\/revisions"}],"wp:attachment":[{"href":"https:\/\/johnfetterman.com\/es\/wp-json\/wp\/v2\/media?parent=1496"}],"curies":[{"name":"wp","href":"https:\/\/api.w.org\/{rel}","templated":true}]}}