
{"id":1583,"date":"2021-04-01T02:07:04","date_gmt":"2021-04-01T06:07:04","guid":{"rendered":"https:\/\/staging.jfsenate.flywheelsites.com\/la-historia-de-john\/"},"modified":"2021-04-14T03:34:44","modified_gmt":"2021-04-14T07:34:44","slug":"la-historia-de-john","status":"publish","type":"page","link":"https:\/\/johnfetterman.com\/es\/conoce\/la-historia-de-john\/","title":{"rendered":"La Historia de John"},"content":{"rendered":"<aside class=\"split split__block light-bg alignfull\">\n\t<div class=\"container split__inner split__inner--right\">\n\t\t<div class=\"block__col--40\">\n\t\t\t<h3 class=\"split__hed\">Meet John<\/h3>\n\t\t\t<div class=\"split__dek dark-text\"><p>20 years ago, John came to Braddock to start a GED program. He became mayor, and for 13 years worked to build the once-booming steel town back from collapse. As Lieutenant Governor, John has transformed the position into a bully pulpit for criminal justice reform. He has led the fight to free the wrongfully convicted and give second chances to deserving longtime inmates, and championed the cause of legalizing marijuana on a historic tour of all 67 counties. <\/p>\n<\/div>\n\n\t\t\t\t\t<\/div>\n\n\t\t<div class=\"block__col--60\">\n\t\t\t\t\t\t\t<img decoding=\"async\" src=\"https:\/\/johnfetterman.com\/wp-content\/uploads\/2021\/02\/john-bio-intro-1.png\" alt=\"\" title=\"\" \/>\n\t\t\t\t\t<\/div>\n\t<\/div>\n<\/aside>\n<p>Nacido en Pennsylvania, John fue hijo de padres adolescentes que a penas comenzaban su propia familia. En aquel entonces, su pap\u00e1 trabajaba de noche para poder pagar su universidad. John creci\u00f3 en York, PA, y sigui\u00f3 los pasos de su padre hacia Albright College, donde jug\u00f3 como tackle ofensivo para los Leones.<\/p>\n\n<p>Al cumplir 23 a\u00f1os, John se uni\u00f3 a Big Brothers\/Big Sisters, y su vida jam\u00e1s volvi\u00f3 a ser igual.<\/p>\n\n<p>John se dedic\u00f3 por completo al programa, como mentor de su \u2018peque\u00f1o\u2019 \u2014 un ni\u00f1o de 8 a\u00f1os que recientemente hab\u00eda perdido a su padre a causa del SIDA y su madre tambi\u00e9n estaba luchando contra la enfermedad. Antes de su muerte, John le prometi\u00f3 a ella que \u00e9l seguir\u00eda cuidando de su hijo y se asegurar\u00eda de que se graduara de la universidad. Quince a\u00f1os despu\u00e9s, John y su \u2018peque\u00f1o\u2019 han cumplido sus promesas, con la graduaci\u00f3n de su peque\u00f1o de Washington College y Jefferson College en Washington, PA.<\/p>\n\n<p>Pero John quer\u00eda hacer a\u00fan m\u00e1s. \u00c9l se uni\u00f3 a AmeriCorps y sirvi\u00f3 en el hist\u00f3rico Distrito Hill de Pittsburgh, donde ayud\u00f3 a instituir los primeros laboratorios de computaci\u00f3n del vecindario y ense\u00f1\u00f3 clases a j\u00f3venes madres y padres para graduarse de la preparatoria.<\/p>\n\n<p>Despu\u00e9s se gradu\u00f3 con una Maestr\u00eda en Pol\u00edtica P\u00fablica de la Escuela de Gobierno Kennedy en la Universidad de Harvard.<\/p>\n\n<p>John regres\u00f3 a Pennsylvania para lanzar un programa de preparatoria para adultos en el poblado de Braddock, una de las comunidades m\u00e1s empobrecidas y con m\u00e1s retos en el estado. En el 2005, impulsado por sus estudiantes, John se postul\u00f3 para la alcald\u00eda y gan\u00f3 una primaria muy re\u00f1ida por un solo voto. Durante sus 13 a\u00f1os como alcalde, John trabaj\u00f3 para reconstruir su comunidad, generando empleos, movilizando a los j\u00f3venes, y trayendo soluciones urbanas creativas a Braddock. La ciudad ahora tiene un centro comunitario, jardines urbanos, y una tienda gratuita que es manejada por la esposa de John, Gisele.<\/p>\n\n<figure class=\"wp-block-gallery alignwide columns-3 is-cropped wp-block-gallery-1 is-layout-flex wp-block-gallery-is-layout-flex\"><ul class=\"blocks-gallery-grid\"><li class=\"blocks-gallery-item\"><figure><img loading=\"lazy\" decoding=\"async\" width=\"960\" height=\"720\" src=\"https:\/\/johnfetterman.com\/wp-content\/uploads\/2021\/02\/12075076_1640401829561103_7241174278066994879_n.jpg\" alt=\"\" data-id=\"1303\" data-full-url=\"https:\/\/johnfetterman.com\/wp-content\/uploads\/2021\/02\/12075076_1640401829561103_7241174278066994879_n.jpg\" data-link=\"https:\/\/johnfetterman.com\/meet\/johns-story\/12075076_1640401829561103_7241174278066994879_n\/\" class=\"wp-image-1546\" srcset=\"https:\/\/johnfetterman.com\/wp-content\/uploads\/2021\/02\/12075076_1640401829561103_7241174278066994879_n-300x225.jpg 300w, https:\/\/johnfetterman.com\/wp-content\/uploads\/2021\/02\/12075076_1640401829561103_7241174278066994879_n-600x450.jpg 600w, https:\/\/johnfetterman.com\/wp-content\/uploads\/2021\/02\/12075076_1640401829561103_7241174278066994879_n-768x576.jpg 768w, https:\/\/johnfetterman.com\/wp-content\/uploads\/2021\/02\/12075076_1640401829561103_7241174278066994879_n.jpg 960w\" sizes=\"auto, (max-width: 960px) 100vw, 960px\" \/><\/figure><\/li><li class=\"blocks-gallery-item\"><figure><img loading=\"lazy\" decoding=\"async\" width=\"960\" height=\"960\" src=\"https:\/\/johnfetterman.com\/wp-content\/uploads\/2021\/02\/39989523_2148084082126206_5008432355380035584_n.jpg\" alt=\"\" data-id=\"1300\" data-full-url=\"https:\/\/johnfetterman.com\/wp-content\/uploads\/2021\/02\/39989523_2148084082126206_5008432355380035584_n.jpg\" data-link=\"https:\/\/johnfetterman.com\/meet\/johns-story\/39989523_2148084082126206_5008432355380035584_n\/\" class=\"wp-image-1549\" srcset=\"https:\/\/johnfetterman.com\/wp-content\/uploads\/2021\/02\/39989523_2148084082126206_5008432355380035584_n-150x150.jpg 150w, https:\/\/johnfetterman.com\/wp-content\/uploads\/2021\/02\/39989523_2148084082126206_5008432355380035584_n-300x300.jpg 300w, https:\/\/johnfetterman.com\/wp-content\/uploads\/2021\/02\/39989523_2148084082126206_5008432355380035584_n-600x600.jpg 600w, https:\/\/johnfetterman.com\/wp-content\/uploads\/2021\/02\/39989523_2148084082126206_5008432355380035584_n-768x768.jpg 768w, https:\/\/johnfetterman.com\/wp-content\/uploads\/2021\/02\/39989523_2148084082126206_5008432355380035584_n.jpg 960w\" sizes=\"auto, (max-width: 960px) 100vw, 960px\" \/><\/figure><\/li><li class=\"blocks-gallery-item\"><figure><img loading=\"lazy\" decoding=\"async\" width=\"960\" height=\"790\" src=\"https:\/\/johnfetterman.com\/wp-content\/uploads\/2021\/02\/60361526_2307738152827464_3862734470368985088_n.jpg\" alt=\"\" data-id=\"1299\" data-full-url=\"https:\/\/johnfetterman.com\/wp-content\/uploads\/2021\/02\/60361526_2307738152827464_3862734470368985088_n.jpg\" data-link=\"https:\/\/johnfetterman.com\/meet\/johns-story\/60361526_2307738152827464_3862734470368985088_n\/\" class=\"wp-image-1550\" srcset=\"https:\/\/johnfetterman.com\/wp-content\/uploads\/2021\/02\/60361526_2307738152827464_3862734470368985088_n-300x247.jpg 300w, https:\/\/johnfetterman.com\/wp-content\/uploads\/2021\/02\/60361526_2307738152827464_3862734470368985088_n-600x494.jpg 600w, https:\/\/johnfetterman.com\/wp-content\/uploads\/2021\/02\/60361526_2307738152827464_3862734470368985088_n-768x632.jpg 768w, https:\/\/johnfetterman.com\/wp-content\/uploads\/2021\/02\/60361526_2307738152827464_3862734470368985088_n.jpg 960w\" sizes=\"auto, (max-width: 960px) 100vw, 960px\" \/><\/figure><\/li><li class=\"blocks-gallery-item\"><figure><img loading=\"lazy\" decoding=\"async\" width=\"828\" height=\"746\" src=\"https:\/\/johnfetterman.com\/wp-content\/uploads\/2021\/02\/IMG_3110.jpg\" alt=\"\" data-id=\"1443\" data-full-url=\"https:\/\/johnfetterman.com\/wp-content\/uploads\/2021\/02\/IMG_3110.jpg\" data-link=\"https:\/\/johnfetterman.com\/meet\/johns-story\/img_3110\/\" class=\"wp-image-1525\" srcset=\"https:\/\/johnfetterman.com\/wp-content\/uploads\/2021\/02\/IMG_3110-300x270.jpg 300w, https:\/\/johnfetterman.com\/wp-content\/uploads\/2021\/02\/IMG_3110-600x541.jpg 600w, https:\/\/johnfetterman.com\/wp-content\/uploads\/2021\/02\/IMG_3110-768x692.jpg 768w, https:\/\/johnfetterman.com\/wp-content\/uploads\/2021\/02\/IMG_3110.jpg 828w\" sizes=\"auto, (max-width: 828px) 100vw, 828px\" \/><\/figure><\/li><li class=\"blocks-gallery-item\"><figure><img loading=\"lazy\" decoding=\"async\" width=\"1024\" height=\"683\" src=\"https:\/\/johnfetterman.com\/wp-content\/uploads\/2021\/02\/12022466_1633219763612643_6284774586538724491_o-1024x683.jpg\" alt=\"\" data-id=\"1302\" data-full-url=\"https:\/\/johnfetterman.com\/wp-content\/uploads\/2021\/02\/12022466_1633219763612643_6284774586538724491_o.jpg\" data-link=\"https:\/\/johnfetterman.com\/meet\/johns-story\/12022466_1633219763612643_6284774586538724491_o\/\" class=\"wp-image-1302\" srcset=\"https:\/\/johnfetterman.com\/wp-content\/uploads\/2021\/02\/12022466_1633219763612643_6284774586538724491_o-300x200.jpg 300w, https:\/\/johnfetterman.com\/wp-content\/uploads\/2021\/02\/12022466_1633219763612643_6284774586538724491_o-600x400.jpg 600w, https:\/\/johnfetterman.com\/wp-content\/uploads\/2021\/02\/12022466_1633219763612643_6284774586538724491_o-768x512.jpg 768w, https:\/\/johnfetterman.com\/wp-content\/uploads\/2021\/02\/12022466_1633219763612643_6284774586538724491_o-1024x683.jpg 1024w, https:\/\/johnfetterman.com\/wp-content\/uploads\/2021\/02\/12022466_1633219763612643_6284774586538724491_o-1536x1024.jpg 1536w, https:\/\/johnfetterman.com\/wp-content\/uploads\/2021\/02\/12022466_1633219763612643_6284774586538724491_o.jpg 2048w\" sizes=\"auto, (max-width: 1024px) 100vw, 1024px\" \/><\/figure><\/li><li class=\"blocks-gallery-item\"><figure><img loading=\"lazy\" decoding=\"async\" width=\"746\" height=\"619\" src=\"https:\/\/johnfetterman.com\/wp-content\/uploads\/2021\/02\/82146151_2499236653677612_6983506880723156992_n.jpg\" alt=\"\" data-id=\"1301\" data-full-url=\"https:\/\/johnfetterman.com\/wp-content\/uploads\/2021\/02\/82146151_2499236653677612_6983506880723156992_n.jpg\" data-link=\"https:\/\/johnfetterman.com\/meet\/johns-story\/82146151_2499236653677612_6983506880723156992_n\/\" class=\"wp-image-1548\" srcset=\"https:\/\/johnfetterman.com\/wp-content\/uploads\/2021\/02\/82146151_2499236653677612_6983506880723156992_n-300x249.jpg 300w, https:\/\/johnfetterman.com\/wp-content\/uploads\/2021\/02\/82146151_2499236653677612_6983506880723156992_n-600x498.jpg 600w, https:\/\/johnfetterman.com\/wp-content\/uploads\/2021\/02\/82146151_2499236653677612_6983506880723156992_n.jpg 746w\" sizes=\"auto, (max-width: 746px) 100vw, 746px\" \/><\/figure><\/li><\/ul><\/figure>\n\n<p>Juntos, John y Gisele han luchado por las causas en las que ellos creen, desde la reforma migratoria hasta los derechos LGBTQ+. Cuando los legisladores de Pennsylvania decidieron continuar impulsando pol\u00edticas anticuadas y discriminatorias prohibiendo la igualdad matrimonial, John tom\u00f3 la iniciativa y ofici\u00f3 una de las primeras bodas del mismo sexo dentro del estado. Y cuando ellos quisieron construir una carretera interestatal de cuatro carriles atravesando Braddock, una ciudad que es 80% negra y que ya ha sufrido tasas hist\u00f3ricamente altas de asma, John fue el \u00fanico oficial electo del oeste de Pennsylvania que se opuso a ella y exponiendo que se trataba de racismo ambiental. <\/p>\n\n<p>En el 2016, John decidi\u00f3 postularse para el Senado de Estados Unidos y enfrentar la crisis de desigualdad en los niveles m\u00e1s altos del gobierno. A\u00fan despu\u00e9s de perder en la contienda primaria del Partido Dem\u00f3crata, John venci\u00f3 las expectativas, ganando 20 por ciento del voto como un candidato relativamente desconocido en una contienda de cuatro candidatos.<\/p>\n\n<p>Dos a\u00f1os despu\u00e9s, en el 2018, John se postul\u00f3 para ser vicegobernador de Pennsylvania, y en esta ocasi\u00f3n \u00e9l logr\u00f3 dominar a lo largo y ancho de la mancomunidad, ganando una primaria democr\u00e1tica con cinco candidatos y comandando una victoria convincente en la elecci\u00f3n general.<\/p>\n\n<p>Como vicegobernador, John ha transformado el puesto y ha convertido este cargo en un punto de influencia para abogar por la justicia econ\u00f3mica y la reforma de la justicia penal. <\/p>\n\n<p>Semanas despu\u00e9s de asumir el puesto, John se embarc\u00f3 en una gira que recorri\u00f3 cada uno de los 67 condados de Pennsylvania, para escuchar las necesidades de estas comunidades, algo que ning\u00fan vicegobernador hab\u00eda hecho antes, y entablar una conversaci\u00f3n sobre la legalizaci\u00f3n de la marihuana. En tres meses, el tour hist\u00f3rico reuni\u00f3 a m\u00e1s de 10,000 personas en vivo y decenas de miles m\u00e1s se conectaron en l\u00ednea. Despu\u00e9s del reporte y las recomendaciones finales que rindi\u00f3 John, el gobernador anunci\u00f3 su apoyo a la legalizaci\u00f3n por primera vez. <\/p>\n\n<p>Como presidente de la Mesa Directiva de Perdones, John ha liderado la lucha para darle segundas oportunidades a presos no-violentos con largas condenas, y liberar a aquellos que han sido err\u00f3neamente procesados. <\/p>\n\n<p>\u00c9l ha tomado numerosos pasos para reestructurar el proceso de clemencia en Pennsylvania, incluyendo la eliminaci\u00f3n de tarifas asociadas con la solicitud de perdones, haciendo que la solicitud de un perd\u00f3n sea m\u00e1s accesible, y trabajando para facilitar el proceso de solicitud en l\u00ednea. Durante el mandato de John, la Mesa Directiva ha recomendado a la conmutaci\u00f3n de m\u00e1s aplicantes que bajo ning\u00fan otro vicegobernador en d\u00e9cadas. <\/p>\n\n<p>John y Gisele decidieron no quedarse en la Mansi\u00f3n del Vicegobernador, y en vez de ello abrieron la alberca oficial de la residencia a los ni\u00f1os que t\u00edpicamente no tendr\u00edan acceso a una. Ellos viven con sus tres hijos, Karl, 11, Gracie, 9, y August, 7, en una restaurada agencia de autos en Braddock con el perro de la familia, Levi.<\/p>\n","protected":false},"excerpt":{"rendered":"<p>Nacido en Pennsylvania, John fue hijo de padres adolescentes que a penas comenzaban su propia familia. En aquel entonces, su pap\u00e1 trabajaba de noche para poder pagar su universidad. John creci\u00f3 en York, PA, y&nbsp;&hellip;<\/p>\n","protected":false},"author":23,"featured_media":1565,"parent":1599,"menu_order":0,"comment_status":"closed","ping_status":"closed","template":"","meta":{"_acf_changed":false,"footnotes":""},"class_list":["post-1583","page","type-page","status-publish","has-post-thumbnail","hentry"],"acf":[],"yoast_head":"<!-- This site is optimized with the Yoast SEO plugin v27.5 - https:\/\/yoast.com\/product\/yoast-seo-wordpress\/ -->\n<title>La Historia de John - John Fetterman<\/title>\n<meta name=\"robots\" content=\"index, follow, max-snippet:-1, max-image-preview:large, max-video-preview:-1\" \/>\n<link rel=\"canonical\" href=\"https:\/\/johnfetterman.com\/es\/conoce\/la-historia-de-john\/\" \/>\n<meta property=\"og:locale\" content=\"es_ES\" \/>\n<meta property=\"og:type\" content=\"article\" \/>\n<meta property=\"og:title\" content=\"La Historia de John - John Fetterman\" \/>\n<meta property=\"og:description\" content=\"Nacido en Pennsylvania, John fue hijo de padres adolescentes que a penas comenzaban su propia familia. En aquel entonces, su pap\u00e1 trabajaba de noche para poder pagar su universidad. John creci\u00f3 en York, PA, y&nbsp;&hellip;\" \/>\n<meta property=\"og:url\" content=\"https:\/\/johnfetterman.com\/es\/conoce\/la-historia-de-john\/\" \/>\n<meta property=\"og:site_name\" content=\"John Fetterman\" \/>\n<meta property=\"article:publisher\" content=\"https:\/\/www.facebook.com\/JohnFettermanPA\/\" \/>\n<meta property=\"article:modified_time\" content=\"2021-04-14T07:34:44+00:00\" \/>\n<meta property=\"og:image\" content=\"https:\/\/johnfetterman.com\/wp-content\/uploads\/2021\/02\/JohnFetterman-bio-header.png\" \/>\n\t<meta property=\"og:image:width\" content=\"1280\" \/>\n\t<meta property=\"og:image:height\" content=\"550\" \/>\n\t<meta property=\"og:image:type\" content=\"image\/png\" \/>\n<meta name=\"twitter:card\" content=\"summary_large_image\" \/>\n<meta name=\"twitter:site\" content=\"@johnfetterman\" \/>\n<script type=\"application\/ld+json\" class=\"yoast-schema-graph\">{\"@context\":\"https:\\\/\\\/schema.org\",\"@graph\":[{\"@type\":\"WebPage\",\"@id\":\"https:\\\/\\\/johnfetterman.com\\\/es\\\/conoce\\\/la-historia-de-john\\\/\",\"url\":\"https:\\\/\\\/johnfetterman.com\\\/es\\\/conoce\\\/la-historia-de-john\\\/\",\"name\":\"La Historia de John - John Fetterman\",\"isPartOf\":{\"@id\":\"https:\\\/\\\/johnfetterman.com\\\/es\\\/#website\"},\"primaryImageOfPage\":{\"@id\":\"https:\\\/\\\/johnfetterman.com\\\/es\\\/conoce\\\/la-historia-de-john\\\/#primaryimage\"},\"image\":{\"@id\":\"https:\\\/\\\/johnfetterman.com\\\/es\\\/conoce\\\/la-historia-de-john\\\/#primaryimage\"},\"thumbnailUrl\":\"https:\\\/\\\/johnfetterman.com\\\/wp-content\\\/uploads\\\/2021\\\/02\\\/JohnFetterman-bio-header.png\",\"datePublished\":\"2021-04-01T06:07:04+00:00\",\"dateModified\":\"2021-04-14T07:34:44+00:00\",\"breadcrumb\":{\"@id\":\"https:\\\/\\\/johnfetterman.com\\\/es\\\/conoce\\\/la-historia-de-john\\\/#breadcrumb\"},\"inLanguage\":\"es-ES\",\"potentialAction\":[{\"@type\":\"ReadAction\",\"target\":[\"https:\\\/\\\/johnfetterman.com\\\/es\\\/conoce\\\/la-historia-de-john\\\/\"]}]},{\"@type\":\"ImageObject\",\"inLanguage\":\"es-ES\",\"@id\":\"https:\\\/\\\/johnfetterman.com\\\/es\\\/conoce\\\/la-historia-de-john\\\/#primaryimage\",\"url\":\"https:\\\/\\\/johnfetterman.com\\\/wp-content\\\/uploads\\\/2021\\\/02\\\/JohnFetterman-bio-header.png\",\"contentUrl\":\"https:\\\/\\\/johnfetterman.com\\\/wp-content\\\/uploads\\\/2021\\\/02\\\/JohnFetterman-bio-header.png\",\"width\":1280,\"height\":550,\"caption\":\"Gisele Fetterman\"},{\"@type\":\"BreadcrumbList\",\"@id\":\"https:\\\/\\\/johnfetterman.com\\\/es\\\/conoce\\\/la-historia-de-john\\\/#breadcrumb\",\"itemListElement\":[{\"@type\":\"ListItem\",\"position\":1,\"name\":\"Home\",\"item\":\"https:\\\/\\\/johnfetterman.com\\\/es\\\/\"},{\"@type\":\"ListItem\",\"position\":2,\"name\":\"Conoce a las Fettermans\",\"item\":\"https:\\\/\\\/johnfetterman.com\\\/es\\\/conoce\\\/\"},{\"@type\":\"ListItem\",\"position\":3,\"name\":\"La Historia de John\"}]},{\"@type\":\"WebSite\",\"@id\":\"https:\\\/\\\/johnfetterman.com\\\/es\\\/#website\",\"url\":\"https:\\\/\\\/johnfetterman.com\\\/es\\\/\",\"name\":\"John Fetterman\",\"description\":\"Sitio web oficial de la campa\u00f1a\",\"publisher\":{\"@id\":\"https:\\\/\\\/johnfetterman.com\\\/es\\\/#organization\"},\"potentialAction\":[{\"@type\":\"SearchAction\",\"target\":{\"@type\":\"EntryPoint\",\"urlTemplate\":\"https:\\\/\\\/johnfetterman.com\\\/es\\\/?s={search_term_string}\"},\"query-input\":{\"@type\":\"PropertyValueSpecification\",\"valueRequired\":true,\"valueName\":\"search_term_string\"}}],\"inLanguage\":\"es-ES\"},{\"@type\":\"Organization\",\"@id\":\"https:\\\/\\\/johnfetterman.com\\\/es\\\/#organization\",\"name\":\"John Fetterman\",\"url\":\"https:\\\/\\\/johnfetterman.com\\\/es\\\/\",\"logo\":{\"@type\":\"ImageObject\",\"inLanguage\":\"es-ES\",\"@id\":\"https:\\\/\\\/johnfetterman.com\\\/es\\\/#\\\/schema\\\/logo\\\/image\\\/\",\"url\":\"https:\\\/\\\/johnfetterman.com\\\/wp-content\\\/uploads\\\/2021\\\/01\\\/jf-logo.png\",\"contentUrl\":\"https:\\\/\\\/johnfetterman.com\\\/wp-content\\\/uploads\\\/2021\\\/01\\\/jf-logo.png\",\"width\":227,\"height\":58,\"caption\":\"John Fetterman\"},\"image\":{\"@id\":\"https:\\\/\\\/johnfetterman.com\\\/es\\\/#\\\/schema\\\/logo\\\/image\\\/\"},\"sameAs\":[\"https:\\\/\\\/www.facebook.com\\\/JohnFettermanPA\\\/\",\"https:\\\/\\\/x.com\\\/johnfetterman\",\"https:\\\/\\\/instagram.com\\\/johnfetterman\",\"https:\\\/\\\/www.youtube.com\\\/channel\\\/UCxY2CYHyZaHUkK9HyxKDMDA\"]}]}<\/script>\n<!-- \/ Yoast SEO plugin. -->","yoast_head_json":{"title":"La Historia de John - John Fetterman","robots":{"index":"index","follow":"follow","max-snippet":"max-snippet:-1","max-image-preview":"max-image-preview:large","max-video-preview":"max-video-preview:-1"},"canonical":"https:\/\/johnfetterman.com\/es\/conoce\/la-historia-de-john\/","og_locale":"es_ES","og_type":"article","og_title":"La Historia de John - John Fetterman","og_description":"Nacido en Pennsylvania, John fue hijo de padres adolescentes que a penas comenzaban su propia familia. En aquel entonces, su pap\u00e1 trabajaba de noche para poder pagar su universidad. John creci\u00f3 en York, PA, y&nbsp;&hellip;","og_url":"https:\/\/johnfetterman.com\/es\/conoce\/la-historia-de-john\/","og_site_name":"John Fetterman","article_publisher":"https:\/\/www.facebook.com\/JohnFettermanPA\/","article_modified_time":"2021-04-14T07:34:44+00:00","og_image":[{"width":1280,"height":550,"url":"https:\/\/johnfetterman.com\/wp-content\/uploads\/2021\/02\/JohnFetterman-bio-header.png","type":"image\/png"}],"twitter_card":"summary_large_image","twitter_site":"@johnfetterman","schema":{"@context":"https:\/\/schema.org","@graph":[{"@type":"WebPage","@id":"https:\/\/johnfetterman.com\/es\/conoce\/la-historia-de-john\/","url":"https:\/\/johnfetterman.com\/es\/conoce\/la-historia-de-john\/","name":"La Historia de John - John Fetterman","isPartOf":{"@id":"https:\/\/johnfetterman.com\/es\/#website"},"primaryImageOfPage":{"@id":"https:\/\/johnfetterman.com\/es\/conoce\/la-historia-de-john\/#primaryimage"},"image":{"@id":"https:\/\/johnfetterman.com\/es\/conoce\/la-historia-de-john\/#primaryimage"},"thumbnailUrl":"https:\/\/johnfetterman.com\/wp-content\/uploads\/2021\/02\/JohnFetterman-bio-header.png","datePublished":"2021-04-01T06:07:04+00:00","dateModified":"2021-04-14T07:34:44+00:00","breadcrumb":{"@id":"https:\/\/johnfetterman.com\/es\/conoce\/la-historia-de-john\/#breadcrumb"},"inLanguage":"es-ES","potentialAction":[{"@type":"ReadAction","target":["https:\/\/johnfetterman.com\/es\/conoce\/la-historia-de-john\/"]}]},{"@type":"ImageObject","inLanguage":"es-ES","@id":"https:\/\/johnfetterman.com\/es\/conoce\/la-historia-de-john\/#primaryimage","url":"https:\/\/johnfetterman.com\/wp-content\/uploads\/2021\/02\/JohnFetterman-bio-header.png","contentUrl":"https:\/\/johnfetterman.com\/wp-content\/uploads\/2021\/02\/JohnFetterman-bio-header.png","width":1280,"height":550,"caption":"Gisele Fetterman"},{"@type":"BreadcrumbList","@id":"https:\/\/johnfetterman.com\/es\/conoce\/la-historia-de-john\/#breadcrumb","itemListElement":[{"@type":"ListItem","position":1,"name":"Home","item":"https:\/\/johnfetterman.com\/es\/"},{"@type":"ListItem","position":2,"name":"Conoce a las Fettermans","item":"https:\/\/johnfetterman.com\/es\/conoce\/"},{"@type":"ListItem","position":3,"name":"La Historia de John"}]},{"@type":"WebSite","@id":"https:\/\/johnfetterman.com\/es\/#website","url":"https:\/\/johnfetterman.com\/es\/","name":"John Fetterman","description":"Sitio web oficial de la campa\u00f1a","publisher":{"@id":"https:\/\/johnfetterman.com\/es\/#organization"},"potentialAction":[{"@type":"SearchAction","target":{"@type":"EntryPoint","urlTemplate":"https:\/\/johnfetterman.com\/es\/?s={search_term_string}"},"query-input":{"@type":"PropertyValueSpecification","valueRequired":true,"valueName":"search_term_string"}}],"inLanguage":"es-ES"},{"@type":"Organization","@id":"https:\/\/johnfetterman.com\/es\/#organization","name":"John Fetterman","url":"https:\/\/johnfetterman.com\/es\/","logo":{"@type":"ImageObject","inLanguage":"es-ES","@id":"https:\/\/johnfetterman.com\/es\/#\/schema\/logo\/image\/","url":"https:\/\/johnfetterman.com\/wp-content\/uploads\/2021\/01\/jf-logo.png","contentUrl":"https:\/\/johnfetterman.com\/wp-content\/uploads\/2021\/01\/jf-logo.png","width":227,"height":58,"caption":"John Fetterman"},"image":{"@id":"https:\/\/johnfetterman.com\/es\/#\/schema\/logo\/image\/"},"sameAs":["https:\/\/www.facebook.com\/JohnFettermanPA\/","https:\/\/x.com\/johnfetterman","https:\/\/instagram.com\/johnfetterman","https:\/\/www.youtube.com\/channel\/UCxY2CYHyZaHUkK9HyxKDMDA"]}]}},"_links":{"self":[{"href":"https:\/\/johnfetterman.com\/es\/wp-json\/wp\/v2\/pages\/1583","targetHints":{"allow":["GET"]}}],"collection":[{"href":"https:\/\/johnfetterman.com\/es\/wp-json\/wp\/v2\/pages"}],"about":[{"href":"https:\/\/johnfetterman.com\/es\/wp-json\/wp\/v2\/types\/page"}],"author":[{"embeddable":true,"href":"https:\/\/johnfetterman.com\/es\/wp-json\/wp\/v2\/users\/23"}],"replies":[{"embeddable":true,"href":"https:\/\/johnfetterman.com\/es\/wp-json\/wp\/v2\/comments?post=1583"}],"version-history":[{"count":0,"href":"https:\/\/johnfetterman.com\/es\/wp-json\/wp\/v2\/pages\/1583\/revisions"}],"up":[{"embeddable":true,"href":"https:\/\/johnfetterman.com\/es\/wp-json\/wp\/v2\/pages\/1599"}],"wp:featuredmedia":[{"embeddable":true,"href":"https:\/\/johnfetterman.com\/es\/wp-json\/wp\/v2\/media\/1565"}],"wp:attachment":[{"href":"https:\/\/johnfetterman.com\/es\/wp-json\/wp\/v2\/media?parent=1583"}],"curies":[{"name":"wp","href":"https:\/\/api.w.org\/{rel}","templated":true}]}}