
{"id":1585,"date":"2021-04-01T02:09:44","date_gmt":"2021-04-01T06:09:44","guid":{"rendered":"https:\/\/staging.jfsenate.flywheelsites.com\/la-historia-de-gisele\/"},"modified":"2021-04-01T02:20:09","modified_gmt":"2021-04-01T06:20:09","slug":"la-historia-de-gisele","status":"publish","type":"page","link":"https:\/\/johnfetterman.com\/es\/conoce\/la-historia-de-gisele\/","title":{"rendered":"La Historia de Gisele"},"content":{"rendered":"<aside class=\"split split__block light-bg alignfull\">\n\t<div class=\"container split__inner split__inner--right\">\n\t\t<div class=\"block__col--40\">\n\t\t\t<h3 class=\"split__hed\">Conoce a Gisele<\/h3>\n\t\t\t<div class=\"split__dek dark-text\"><p>Gisele Barreto Fetterman, la Segunda Dama de Pennsylvania (o como ella prefiere, \u201cSLOP\u201d, por sus siglas en ingl\u00e9s) es una pionera en su propio ramo. Nacida en R\u00edo de Janeiro, Brasil, la madre de Gisele la llev\u00f3 a Estados Unidos junto con su hermano menor cuando ella ten\u00eda siete a\u00f1os, todos ellos indocumentados. Ellos vivieron en un departamento de una sola rec\u00e1mara en Nueva York y se ense\u00f1aron ingl\u00e9s ellos mismos mientras su madre trabajaba limpiando hoteles y casas. Despu\u00e9s de 15 a\u00f1os de vivir en las sombras, Gisele recibi\u00f3 su tarjeta verde en el 2004 y se convirti\u00f3 en ciudadana estadounidense en el 2009.<\/p>\n<\/div>\n\n\t\t\t\t\t<\/div>\n\n\t\t<div class=\"block__col--60\">\n\t\t\t\t\t\t\t<img decoding=\"async\" src=\"https:\/\/johnfetterman.com\/wp-content\/uploads\/2021\/02\/Gisele-mainimage-min.png\" alt=\"\" title=\"\" \/>\n\t\t\t\t\t<\/div>\n\t<\/div>\n<\/aside>\n\n\n<p>Gisele conoci\u00f3 a John despu\u00e9s de escribirle una carta preguntando sobre Braddock y los esfuerzos para revitalizar la comunidad. En el 2008, John y Gisele se casaron. Juntos, John y Gisele han vivido en Braddock por 13 a\u00f1os y ahora tienen 3 ni\u00f1os \u2014 Karl, 11, Gracie, 9, y August, 6 \u2014 y su perro rescatado, Levi. <\/p>\n\n\n\n<p>Gisele ha dedicado su vida a ayudar a otros, con un enfoque en nutrici\u00f3n, igualdad alimentaria, y en cubrir las necesidades b\u00e1sicas de las personas de Pennsylvania. Con tan s\u00f3lo un compartimento vac\u00edo de cargas y un lote bald\u00edo, Gisele abri\u00f3 la Tienda Gratuita, para distribuir art\u00edculos de primera necesidad para el hogar, para beb\u00e9s, y bicicletas para quienes las necesitaban. Asimismo, ella cofund\u00f3 412 Food Rescue, que env\u00eda voluntarios a los expendios que tienen exceso de comida que podr\u00eda echarse a perder y la entregan a organizaciones sin fines de lucro que proveen alimentos a las personas que sufren hambre. Gisele tambi\u00e9n cofund\u00f3 la organizaci\u00f3n sin fines de lucro For Good PGH, la cual impulsa diversas iniciativas para la inclusividad como \u201cHello Hijab\u201d, que produce hijabs miniatura para mu\u00f1ecas, promoviendo la tolerancia y la diversidad. M\u00e1s recientemente Gisele fund\u00f3 El Proyecto Hollander, una incubadora de empresas para mujeres emprendedoras. <\/p>\n\n\n\n<div class=\"wp-block-group alignwide\"><div class=\"wp-block-group__inner-container is-layout-flow wp-block-group-is-layout-flow\">\n<div class=\"wp-block-columns is-layout-flex wp-container-core-columns-is-layout-9d6595d7 wp-block-columns-is-layout-flex\">\n<div class=\"wp-block-column is-layout-flow wp-block-column-is-layout-flow\" style=\"flex-basis:100%\"><\/div>\n<\/div>\n\n\n\n<div class=\"wp-block-columns is-layout-flex wp-container-core-columns-is-layout-9d6595d7 wp-block-columns-is-layout-flex\">\n<div class=\"wp-block-column is-layout-flow wp-block-column-is-layout-flow\" style=\"flex-basis:100%\">\n<div class=\"wp-block-group\"><div class=\"wp-block-group__inner-container is-layout-flow wp-block-group-is-layout-flow\">\n<div class=\"wp-block-columns is-layout-flex wp-container-core-columns-is-layout-9d6595d7 wp-block-columns-is-layout-flex\">\n<div class=\"wp-block-column is-layout-flow wp-block-column-is-layout-flow\" style=\"flex-basis:100%\">\n<figure class=\"wp-block-gallery columns-3 is-cropped wp-block-gallery-1 is-layout-flex wp-block-gallery-is-layout-flex\"><ul class=\"blocks-gallery-grid\"><li class=\"blocks-gallery-item\"><figure><img loading=\"lazy\" decoding=\"async\" width=\"960\" height=\"960\" src=\"https:\/\/johnfetterman.com\/wp-content\/uploads\/2021\/02\/44231257_2207237726013812_1429205893081202688_n.jpg\" alt=\"\" data-id=\"1274\" data-link=\"https:\/\/johnfetterman.com\/meet\/giseles-story\/44231257_2207237726013812_1429205893081202688_n\/\" class=\"wp-image-1558\" srcset=\"https:\/\/johnfetterman.com\/wp-content\/uploads\/2021\/02\/44231257_2207237726013812_1429205893081202688_n-150x150.jpg 150w, https:\/\/johnfetterman.com\/wp-content\/uploads\/2021\/02\/44231257_2207237726013812_1429205893081202688_n-300x300.jpg 300w, https:\/\/johnfetterman.com\/wp-content\/uploads\/2021\/02\/44231257_2207237726013812_1429205893081202688_n-600x600.jpg 600w, https:\/\/johnfetterman.com\/wp-content\/uploads\/2021\/02\/44231257_2207237726013812_1429205893081202688_n-768x768.jpg 768w, https:\/\/johnfetterman.com\/wp-content\/uploads\/2021\/02\/44231257_2207237726013812_1429205893081202688_n.jpg 960w\" sizes=\"auto, (max-width: 960px) 100vw, 960px\" \/><\/figure><\/li><li class=\"blocks-gallery-item\"><figure><img loading=\"lazy\" decoding=\"async\" width=\"954\" height=\"1024\" src=\"https:\/\/johnfetterman.com\/wp-content\/uploads\/2021\/02\/Screen-Shot-2021-02-04-at-6.19.03-PM-954x1024.png\" alt=\"\" data-id=\"1279\" data-link=\"https:\/\/johnfetterman.com\/meet\/giseles-story\/screen-shot-2021-02-04-at-6-19-03-pm\/\" class=\"wp-image-1279\" srcset=\"https:\/\/johnfetterman.com\/wp-content\/uploads\/2021\/02\/Screen-Shot-2021-02-04-at-6.19.03-PM-279x300.png 279w, https:\/\/johnfetterman.com\/wp-content\/uploads\/2021\/02\/Screen-Shot-2021-02-04-at-6.19.03-PM-559x600.png 559w, https:\/\/johnfetterman.com\/wp-content\/uploads\/2021\/02\/Screen-Shot-2021-02-04-at-6.19.03-PM-768x825.png 768w, https:\/\/johnfetterman.com\/wp-content\/uploads\/2021\/02\/Screen-Shot-2021-02-04-at-6.19.03-PM-954x1024.png 954w, https:\/\/johnfetterman.com\/wp-content\/uploads\/2021\/02\/Screen-Shot-2021-02-04-at-6.19.03-PM.png 1112w\" sizes=\"auto, (max-width: 954px) 100vw, 954px\" \/><\/figure><\/li><li class=\"blocks-gallery-item\"><figure><img loading=\"lazy\" decoding=\"async\" width=\"960\" height=\"958\" src=\"https:\/\/johnfetterman.com\/wp-content\/uploads\/2021\/02\/62258286_2736325703105009_124825493517107200_n.jpg\" alt=\"\" data-id=\"1278\" data-link=\"https:\/\/johnfetterman.com\/meet\/giseles-story\/62258286_2736325703105009_124825493517107200_n\/\" class=\"wp-image-1556\" srcset=\"https:\/\/johnfetterman.com\/wp-content\/uploads\/2021\/02\/62258286_2736325703105009_124825493517107200_n-150x150.jpg 150w, https:\/\/johnfetterman.com\/wp-content\/uploads\/2021\/02\/62258286_2736325703105009_124825493517107200_n-300x300.jpg 300w, https:\/\/johnfetterman.com\/wp-content\/uploads\/2021\/02\/62258286_2736325703105009_124825493517107200_n-600x600.jpg 600w, https:\/\/johnfetterman.com\/wp-content\/uploads\/2021\/02\/62258286_2736325703105009_124825493517107200_n-768x766.jpg 768w, https:\/\/johnfetterman.com\/wp-content\/uploads\/2021\/02\/62258286_2736325703105009_124825493517107200_n.jpg 960w\" sizes=\"auto, (max-width: 960px) 100vw, 960px\" \/><\/figure><\/li><li class=\"blocks-gallery-item\"><figure><img loading=\"lazy\" decoding=\"async\" width=\"790\" height=\"908\" src=\"https:\/\/johnfetterman.com\/wp-content\/uploads\/2021\/02\/136184548_4816472585090300_3446868152978600103_n-1.png\" alt=\"\" data-id=\"1289\" data-link=\"https:\/\/johnfetterman.com\/meet\/giseles-story\/136184548_4816472585090300_3446868152978600103_n-1\/\" class=\"wp-image-1554\" srcset=\"https:\/\/johnfetterman.com\/wp-content\/uploads\/2021\/02\/136184548_4816472585090300_3446868152978600103_n-1-261x300.png 261w, https:\/\/johnfetterman.com\/wp-content\/uploads\/2021\/02\/136184548_4816472585090300_3446868152978600103_n-1-522x600.png 522w, https:\/\/johnfetterman.com\/wp-content\/uploads\/2021\/02\/136184548_4816472585090300_3446868152978600103_n-1-768x883.png 768w, https:\/\/johnfetterman.com\/wp-content\/uploads\/2021\/02\/136184548_4816472585090300_3446868152978600103_n-1.png 790w\" sizes=\"auto, (max-width: 790px) 100vw, 790px\" \/><\/figure><\/li><li class=\"blocks-gallery-item\"><figure><img loading=\"lazy\" decoding=\"async\" width=\"960\" height=\"960\" src=\"https:\/\/johnfetterman.com\/wp-content\/uploads\/2021\/02\/67356535_2354579708143308_1028652127750193152_n-1.jpg\" alt=\"\" data-id=\"1294\" data-link=\"https:\/\/johnfetterman.com\/meet\/giseles-story\/67356535_2354579708143308_1028652127750193152_n-1\/\" class=\"wp-image-1553\" srcset=\"https:\/\/johnfetterman.com\/wp-content\/uploads\/2021\/02\/67356535_2354579708143308_1028652127750193152_n-1-150x150.jpg 150w, https:\/\/johnfetterman.com\/wp-content\/uploads\/2021\/02\/67356535_2354579708143308_1028652127750193152_n-1-300x300.jpg 300w, https:\/\/johnfetterman.com\/wp-content\/uploads\/2021\/02\/67356535_2354579708143308_1028652127750193152_n-1-600x600.jpg 600w, https:\/\/johnfetterman.com\/wp-content\/uploads\/2021\/02\/67356535_2354579708143308_1028652127750193152_n-1-768x768.jpg 768w, https:\/\/johnfetterman.com\/wp-content\/uploads\/2021\/02\/67356535_2354579708143308_1028652127750193152_n-1.jpg 960w\" sizes=\"auto, (max-width: 960px) 100vw, 960px\" \/><\/figure><\/li><li class=\"blocks-gallery-item\"><figure><img loading=\"lazy\" decoding=\"async\" width=\"751\" height=\"920\" src=\"https:\/\/johnfetterman.com\/wp-content\/uploads\/2021\/02\/IMG_3101.jpg\" alt=\"\" data-id=\"1389\" data-full-url=\"https:\/\/johnfetterman.com\/wp-content\/uploads\/2021\/02\/IMG_3101.jpg\" data-link=\"https:\/\/johnfetterman.com\/meet\/giseles-story\/img_3101\/\" class=\"wp-image-1531\" srcset=\"https:\/\/johnfetterman.com\/wp-content\/uploads\/2021\/02\/IMG_3101-245x300.jpg 245w, https:\/\/johnfetterman.com\/wp-content\/uploads\/2021\/02\/IMG_3101-490x600.jpg 490w, https:\/\/johnfetterman.com\/wp-content\/uploads\/2021\/02\/IMG_3101.jpg 751w\" sizes=\"auto, (max-width: 751px) 100vw, 751px\" \/><\/figure><\/li><\/ul><\/figure>\n<\/div>\n<\/div>\n<\/div><\/div>\n<\/div>\n<\/div>\n<\/div><\/div>\n\n\n\n<p>M\u00e1s all\u00e1 de fundar y apoyar m\u00faltiples iniciativas y organizaciones, Gisele es una defensora imp\u00e1vida de los grupos vulnerables, especialmente la comunidad inmigrante, recordando siempre que ella fue Dreamer. Gisele tiene una pasi\u00f3n profunda por la reforma a muchas pol\u00edticas, y en particular ha hablado constantemente en defensa de la legalizaci\u00f3n de la marihuana, y ella misma es una paciente que utiliza marihuana m\u00e9dica. Como defensora, activista, y una persona que disfruta mucho de dar abrazos, Gisele Fetterman siempre est\u00e1 haciendo una diferencia en su comunidad, liderando con su gran coraz\u00f3n.<\/p>\n","protected":false},"excerpt":{"rendered":"<p>Gisele conoci\u00f3 a John despu\u00e9s de escribirle una carta preguntando sobre Braddock y los esfuerzos para revitalizar la comunidad. En el 2008, John y Gisele se casaron. Juntos, John y Gisele han vivido en Braddock&nbsp;&hellip;<\/p>\n","protected":false},"author":23,"featured_media":1564,"parent":1599,"menu_order":0,"comment_status":"closed","ping_status":"closed","template":"","meta":{"_acf_changed":false,"footnotes":""},"class_list":["post-1585","page","type-page","status-publish","has-post-thumbnail","hentry"],"acf":[],"yoast_head":"<!-- This site is optimized with the Yoast SEO plugin v27.4 - https:\/\/yoast.com\/product\/yoast-seo-wordpress\/ -->\n<title>La Historia de Gisele - John Fetterman<\/title>\n<meta name=\"robots\" content=\"index, follow, max-snippet:-1, max-image-preview:large, max-video-preview:-1\" \/>\n<link rel=\"canonical\" href=\"https:\/\/johnfetterman.com\/es\/conoce\/la-historia-de-gisele\/\" \/>\n<meta property=\"og:locale\" content=\"es_ES\" \/>\n<meta property=\"og:type\" content=\"article\" \/>\n<meta property=\"og:title\" content=\"La Historia de Gisele - John Fetterman\" \/>\n<meta property=\"og:description\" content=\"Gisele conoci\u00f3 a John despu\u00e9s de escribirle una carta preguntando sobre Braddock y los esfuerzos para revitalizar la comunidad. En el 2008, John y Gisele se casaron. Juntos, John y Gisele han vivido en Braddock&nbsp;&hellip;\" \/>\n<meta property=\"og:url\" content=\"https:\/\/johnfetterman.com\/es\/conoce\/la-historia-de-gisele\/\" \/>\n<meta property=\"og:site_name\" content=\"John Fetterman\" \/>\n<meta property=\"article:publisher\" content=\"https:\/\/www.facebook.com\/JohnFettermanPA\/\" \/>\n<meta property=\"article:modified_time\" content=\"2021-04-01T06:20:09+00:00\" \/>\n<meta property=\"og:image\" content=\"https:\/\/johnfetterman.com\/wp-content\/uploads\/2021\/02\/Gisele-Bio-header.png\" \/>\n\t<meta property=\"og:image:width\" content=\"1280\" \/>\n\t<meta property=\"og:image:height\" content=\"550\" \/>\n\t<meta property=\"og:image:type\" content=\"image\/png\" \/>\n<meta name=\"twitter:card\" content=\"summary_large_image\" \/>\n<meta name=\"twitter:site\" content=\"@johnfetterman\" \/>\n<script type=\"application\/ld+json\" class=\"yoast-schema-graph\">{\"@context\":\"https:\\\/\\\/schema.org\",\"@graph\":[{\"@type\":\"WebPage\",\"@id\":\"https:\\\/\\\/johnfetterman.com\\\/es\\\/conoce\\\/la-historia-de-gisele\\\/\",\"url\":\"https:\\\/\\\/johnfetterman.com\\\/es\\\/conoce\\\/la-historia-de-gisele\\\/\",\"name\":\"La Historia de Gisele - John Fetterman\",\"isPartOf\":{\"@id\":\"https:\\\/\\\/johnfetterman.com\\\/es\\\/#website\"},\"primaryImageOfPage\":{\"@id\":\"https:\\\/\\\/johnfetterman.com\\\/es\\\/conoce\\\/la-historia-de-gisele\\\/#primaryimage\"},\"image\":{\"@id\":\"https:\\\/\\\/johnfetterman.com\\\/es\\\/conoce\\\/la-historia-de-gisele\\\/#primaryimage\"},\"thumbnailUrl\":\"https:\\\/\\\/johnfetterman.com\\\/wp-content\\\/uploads\\\/2021\\\/02\\\/Gisele-Bio-header.png\",\"datePublished\":\"2021-04-01T06:09:44+00:00\",\"dateModified\":\"2021-04-01T06:20:09+00:00\",\"breadcrumb\":{\"@id\":\"https:\\\/\\\/johnfetterman.com\\\/es\\\/conoce\\\/la-historia-de-gisele\\\/#breadcrumb\"},\"inLanguage\":\"es-ES\",\"potentialAction\":[{\"@type\":\"ReadAction\",\"target\":[\"https:\\\/\\\/johnfetterman.com\\\/es\\\/conoce\\\/la-historia-de-gisele\\\/\"]}]},{\"@type\":\"ImageObject\",\"inLanguage\":\"es-ES\",\"@id\":\"https:\\\/\\\/johnfetterman.com\\\/es\\\/conoce\\\/la-historia-de-gisele\\\/#primaryimage\",\"url\":\"https:\\\/\\\/johnfetterman.com\\\/wp-content\\\/uploads\\\/2021\\\/02\\\/Gisele-Bio-header.png\",\"contentUrl\":\"https:\\\/\\\/johnfetterman.com\\\/wp-content\\\/uploads\\\/2021\\\/02\\\/Gisele-Bio-header.png\",\"width\":1280,\"height\":550,\"caption\":\"Gisele Fetterman\"},{\"@type\":\"BreadcrumbList\",\"@id\":\"https:\\\/\\\/johnfetterman.com\\\/es\\\/conoce\\\/la-historia-de-gisele\\\/#breadcrumb\",\"itemListElement\":[{\"@type\":\"ListItem\",\"position\":1,\"name\":\"Home\",\"item\":\"https:\\\/\\\/johnfetterman.com\\\/es\\\/\"},{\"@type\":\"ListItem\",\"position\":2,\"name\":\"Conoce a las Fettermans\",\"item\":\"https:\\\/\\\/johnfetterman.com\\\/es\\\/conoce\\\/\"},{\"@type\":\"ListItem\",\"position\":3,\"name\":\"La Historia de Gisele\"}]},{\"@type\":\"WebSite\",\"@id\":\"https:\\\/\\\/johnfetterman.com\\\/es\\\/#website\",\"url\":\"https:\\\/\\\/johnfetterman.com\\\/es\\\/\",\"name\":\"John Fetterman\",\"description\":\"Sitio web oficial de la campa\u00f1a\",\"publisher\":{\"@id\":\"https:\\\/\\\/johnfetterman.com\\\/es\\\/#organization\"},\"potentialAction\":[{\"@type\":\"SearchAction\",\"target\":{\"@type\":\"EntryPoint\",\"urlTemplate\":\"https:\\\/\\\/johnfetterman.com\\\/es\\\/?s={search_term_string}\"},\"query-input\":{\"@type\":\"PropertyValueSpecification\",\"valueRequired\":true,\"valueName\":\"search_term_string\"}}],\"inLanguage\":\"es-ES\"},{\"@type\":\"Organization\",\"@id\":\"https:\\\/\\\/johnfetterman.com\\\/es\\\/#organization\",\"name\":\"John Fetterman\",\"url\":\"https:\\\/\\\/johnfetterman.com\\\/es\\\/\",\"logo\":{\"@type\":\"ImageObject\",\"inLanguage\":\"es-ES\",\"@id\":\"https:\\\/\\\/johnfetterman.com\\\/es\\\/#\\\/schema\\\/logo\\\/image\\\/\",\"url\":\"https:\\\/\\\/johnfetterman.com\\\/wp-content\\\/uploads\\\/2021\\\/01\\\/jf-logo.png\",\"contentUrl\":\"https:\\\/\\\/johnfetterman.com\\\/wp-content\\\/uploads\\\/2021\\\/01\\\/jf-logo.png\",\"width\":227,\"height\":58,\"caption\":\"John Fetterman\"},\"image\":{\"@id\":\"https:\\\/\\\/johnfetterman.com\\\/es\\\/#\\\/schema\\\/logo\\\/image\\\/\"},\"sameAs\":[\"https:\\\/\\\/www.facebook.com\\\/JohnFettermanPA\\\/\",\"https:\\\/\\\/x.com\\\/johnfetterman\",\"https:\\\/\\\/instagram.com\\\/johnfetterman\",\"https:\\\/\\\/www.youtube.com\\\/channel\\\/UCxY2CYHyZaHUkK9HyxKDMDA\"]}]}<\/script>\n<!-- \/ Yoast SEO plugin. -->","yoast_head_json":{"title":"La Historia de Gisele - John Fetterman","robots":{"index":"index","follow":"follow","max-snippet":"max-snippet:-1","max-image-preview":"max-image-preview:large","max-video-preview":"max-video-preview:-1"},"canonical":"https:\/\/johnfetterman.com\/es\/conoce\/la-historia-de-gisele\/","og_locale":"es_ES","og_type":"article","og_title":"La Historia de Gisele - John Fetterman","og_description":"Gisele conoci\u00f3 a John despu\u00e9s de escribirle una carta preguntando sobre Braddock y los esfuerzos para revitalizar la comunidad. En el 2008, John y Gisele se casaron. Juntos, John y Gisele han vivido en Braddock&nbsp;&hellip;","og_url":"https:\/\/johnfetterman.com\/es\/conoce\/la-historia-de-gisele\/","og_site_name":"John Fetterman","article_publisher":"https:\/\/www.facebook.com\/JohnFettermanPA\/","article_modified_time":"2021-04-01T06:20:09+00:00","og_image":[{"width":1280,"height":550,"url":"https:\/\/johnfetterman.com\/wp-content\/uploads\/2021\/02\/Gisele-Bio-header.png","type":"image\/png"}],"twitter_card":"summary_large_image","twitter_site":"@johnfetterman","schema":{"@context":"https:\/\/schema.org","@graph":[{"@type":"WebPage","@id":"https:\/\/johnfetterman.com\/es\/conoce\/la-historia-de-gisele\/","url":"https:\/\/johnfetterman.com\/es\/conoce\/la-historia-de-gisele\/","name":"La Historia de Gisele - John Fetterman","isPartOf":{"@id":"https:\/\/johnfetterman.com\/es\/#website"},"primaryImageOfPage":{"@id":"https:\/\/johnfetterman.com\/es\/conoce\/la-historia-de-gisele\/#primaryimage"},"image":{"@id":"https:\/\/johnfetterman.com\/es\/conoce\/la-historia-de-gisele\/#primaryimage"},"thumbnailUrl":"https:\/\/johnfetterman.com\/wp-content\/uploads\/2021\/02\/Gisele-Bio-header.png","datePublished":"2021-04-01T06:09:44+00:00","dateModified":"2021-04-01T06:20:09+00:00","breadcrumb":{"@id":"https:\/\/johnfetterman.com\/es\/conoce\/la-historia-de-gisele\/#breadcrumb"},"inLanguage":"es-ES","potentialAction":[{"@type":"ReadAction","target":["https:\/\/johnfetterman.com\/es\/conoce\/la-historia-de-gisele\/"]}]},{"@type":"ImageObject","inLanguage":"es-ES","@id":"https:\/\/johnfetterman.com\/es\/conoce\/la-historia-de-gisele\/#primaryimage","url":"https:\/\/johnfetterman.com\/wp-content\/uploads\/2021\/02\/Gisele-Bio-header.png","contentUrl":"https:\/\/johnfetterman.com\/wp-content\/uploads\/2021\/02\/Gisele-Bio-header.png","width":1280,"height":550,"caption":"Gisele Fetterman"},{"@type":"BreadcrumbList","@id":"https:\/\/johnfetterman.com\/es\/conoce\/la-historia-de-gisele\/#breadcrumb","itemListElement":[{"@type":"ListItem","position":1,"name":"Home","item":"https:\/\/johnfetterman.com\/es\/"},{"@type":"ListItem","position":2,"name":"Conoce a las Fettermans","item":"https:\/\/johnfetterman.com\/es\/conoce\/"},{"@type":"ListItem","position":3,"name":"La Historia de Gisele"}]},{"@type":"WebSite","@id":"https:\/\/johnfetterman.com\/es\/#website","url":"https:\/\/johnfetterman.com\/es\/","name":"John Fetterman","description":"Sitio web oficial de la campa\u00f1a","publisher":{"@id":"https:\/\/johnfetterman.com\/es\/#organization"},"potentialAction":[{"@type":"SearchAction","target":{"@type":"EntryPoint","urlTemplate":"https:\/\/johnfetterman.com\/es\/?s={search_term_string}"},"query-input":{"@type":"PropertyValueSpecification","valueRequired":true,"valueName":"search_term_string"}}],"inLanguage":"es-ES"},{"@type":"Organization","@id":"https:\/\/johnfetterman.com\/es\/#organization","name":"John Fetterman","url":"https:\/\/johnfetterman.com\/es\/","logo":{"@type":"ImageObject","inLanguage":"es-ES","@id":"https:\/\/johnfetterman.com\/es\/#\/schema\/logo\/image\/","url":"https:\/\/johnfetterman.com\/wp-content\/uploads\/2021\/01\/jf-logo.png","contentUrl":"https:\/\/johnfetterman.com\/wp-content\/uploads\/2021\/01\/jf-logo.png","width":227,"height":58,"caption":"John Fetterman"},"image":{"@id":"https:\/\/johnfetterman.com\/es\/#\/schema\/logo\/image\/"},"sameAs":["https:\/\/www.facebook.com\/JohnFettermanPA\/","https:\/\/x.com\/johnfetterman","https:\/\/instagram.com\/johnfetterman","https:\/\/www.youtube.com\/channel\/UCxY2CYHyZaHUkK9HyxKDMDA"]}]}},"_links":{"self":[{"href":"https:\/\/johnfetterman.com\/es\/wp-json\/wp\/v2\/pages\/1585","targetHints":{"allow":["GET"]}}],"collection":[{"href":"https:\/\/johnfetterman.com\/es\/wp-json\/wp\/v2\/pages"}],"about":[{"href":"https:\/\/johnfetterman.com\/es\/wp-json\/wp\/v2\/types\/page"}],"author":[{"embeddable":true,"href":"https:\/\/johnfetterman.com\/es\/wp-json\/wp\/v2\/users\/23"}],"replies":[{"embeddable":true,"href":"https:\/\/johnfetterman.com\/es\/wp-json\/wp\/v2\/comments?post=1585"}],"version-history":[{"count":0,"href":"https:\/\/johnfetterman.com\/es\/wp-json\/wp\/v2\/pages\/1585\/revisions"}],"up":[{"embeddable":true,"href":"https:\/\/johnfetterman.com\/es\/wp-json\/wp\/v2\/pages\/1599"}],"wp:featuredmedia":[{"embeddable":true,"href":"https:\/\/johnfetterman.com\/es\/wp-json\/wp\/v2\/media\/1564"}],"wp:attachment":[{"href":"https:\/\/johnfetterman.com\/es\/wp-json\/wp\/v2\/media?parent=1585"}],"curies":[{"name":"wp","href":"https:\/\/api.w.org\/{rel}","templated":true}]}}