
{"id":1594,"date":"2021-04-01T02:28:31","date_gmt":"2021-04-01T06:28:31","guid":{"rendered":"https:\/\/staging.jfsenate.flywheelsites.com\/politica-de-privacidad\/"},"modified":"2021-04-14T03:32:28","modified_gmt":"2021-04-14T07:32:28","slug":"politica-de-privacidad","status":"publish","type":"page","link":"https:\/\/johnfetterman.com\/es\/politica-de-privacidad\/","title":{"rendered":"Pol\u00edtica de Privacidad"},"content":{"rendered":"\n<p>John Fetterman por PA ha generado este anuncio de privacidad para explicar c\u00f3mo utilizamos la informaci\u00f3n que t\u00fa nos proveas durante tus visitas a nuestro sitio y para declarar nuestro robusto compromiso hacia la privacidad en internet.<\/p>\n\n<p>John Fetterman por PA puede modificar su actual pol\u00edtica en un futuro, por lo que recomendamos que visites esta p\u00e1gina cuando vuelvas a navegar nuestro sitio.<\/p>\n\n<h3 class=\"wp-block-heading\">C\u00f3mo Utilizamos Tu Informaci\u00f3n<\/h3>\n\n<p>John Fetterman por PA tiene un compromiso profundo con proteger tu privacidad en l\u00ednea.<\/p>\n\n<p>Toda vez que proveas informaci\u00f3n, contribuyas, te registres como voluntario, o tomes cualquier otra acci\u00f3n en nuestro sitio, probablemente te pediremos datos para contactarte, como tu nombre, direcci\u00f3n, n\u00famero de tel\u00e9fono, y\/o direcci\u00f3n de correo electr\u00f3nico. Tambi\u00e9n es posible que obtengamos informaci\u00f3n sobre ti de fuentes externas y la agreguemos o combinemos con la informaci\u00f3n que recopilemos a trav\u00e9s de este sitio. Utilizamos estos datos para operar este sitio, enviarte noticias e informaci\u00f3n relacionada a John Fetterman por PA y para solicitar tu participaci\u00f3n en programas, eventos, y\/o actividades auspiciadas por John Fetterman por PA, y para obtener y confirmar tu reservaci\u00f3n en dichos eventos y programas. Utilizamos tu correo electr\u00f3nico para enviarte la informaci\u00f3n antes mencionada por e-mail y es posible que utilicemos tu n\u00famero de tel\u00e9fono para llamarte con este mismo prop\u00f3sito.<\/p>\n\n<p>Nosotros jam\u00e1s le daremos tu direcci\u00f3n de correo electr\u00f3nico ni cualquier otro dato personal a ninguna persona u organizaci\u00f3n, por ning\u00fan motivo. Si decides comprar boletos para un evento o realizar una contribuci\u00f3n en l\u00ednea, es probable que te preguntemos por tu n\u00famero de tarjeta de cr\u00e9dito y su fecha de expiraci\u00f3n. Esa informaci\u00f3n s\u00f3lo es utilizada para procesar tu contribuci\u00f3n; no es retenida por nuestra organizaci\u00f3n; y jam\u00e1s es compartida, bajo ninguna circunstancia, con alguien m\u00e1s, por ninguna raz\u00f3n excepto el expreso prop\u00f3sito de procesar tu contribuci\u00f3n.<\/p>\n\n<h3 class=\"wp-block-heading\">C\u00f3mo Protegemos la Informaci\u00f3n Que Nos Provees<\/h3>\n\n<p>John Fetterman por PA utiliza medidas de seguridad que son el est\u00e1ndar en la industria para proteger contra el extrav\u00edo, el mal uso, o la alteraci\u00f3n de dicha informaci\u00f3n bajo nuestro control. Nuestro servidor se encuentra en una ubicaci\u00f3n bajo candado, dentro de un ambiente resguardado. El permiso para acceder a tu informaci\u00f3n es \u00fanicamente otorgado a ti, a los empleados de John Fetterman por PA o a sus contratistas, quienes tengan una v\u00e1lida raz\u00f3n para saber dicha informaci\u00f3n de manera que puedan proveer sus servicios a ti. Cabe aclarar que a\u00fan cuando hacemos todos los esfuerzos de buena f\u00e9 para almacenar toda la informaci\u00f3n obtenida en esta p\u00e1gina dentro de un ambiente operacionalmente seguro, no podemos garantizar completa seguridad.<\/p>\n\n<h3 class=\"wp-block-heading\">Conexiones a Otros Sitios<\/h3>\n\n<p>Esta pol\u00edtica de privacidad cubre este sitio y sus sub-dominios. Estos sitios pueden conectar hacia p\u00e1ginas de terceros. No podemos hacernos responsables por el contenido o las pol\u00edticas de privacidad de los sitios de terceros. Te invitamos a que leas siempre las pol\u00edticas de privacidad y que revises las pr\u00e1cticas de todos los sitios que visites.<\/p>\n\n<h3 class=\"wp-block-heading\">Diseminaciones Alternas De Tu Informaci\u00f3n<\/h3>\n\n<p>Aunque siempre pondremos nuestro mejor esfuerzo en preservar la privacidad del usuario, en ocasiones ser\u00e1 necesario compartir informaci\u00f3n cuando exista la presunci\u00f3n en buena f\u00e9 que diseminar dichos datos es necesario para cumplir con mecanismos legales (por ejemplo un citatorio legal), para proteger nuestros derechos o propiedad, o para proteger a nuestros donadores, artistas y partidarios, de alguna conducta fraudulenta, abusiva, o ilegal; o en el caso de que lleguemos a la conclusi\u00f3n razonable que una emergencia represente el riesgo inmediato de muerte o da\u00f1os f\u00edsicos severos hacia alguna persona requiera la diseminaci\u00f3n de dichas comunicaciones, o justifique la diseminaci\u00f3n de datos sin retraso.<\/p>\n\n<h3 class=\"wp-block-heading\">Aviso Especial a Padres:<\/h3>\n\n<p>Queremos ayudarles a resguardar la privacidad de sus ni\u00f1os. Les exhortamos a que hablen con sus hijos sobre el uso seguro y responsable de su informaci\u00f3n durante la navegaci\u00f3n por internet. John Fetterman por PA no recauda, utiliza, o distribuye de manera dolosa los datos personalmente identificables de ning\u00fan menor hacia terceros. Si t\u00fa tienes alguna reserva, pregunta, o preocupaci\u00f3n sobre el acceso de tu hijo\/a a nuestro sitio, o sobre c\u00f3mo se utilice la informaci\u00f3n que \u00e9l o ella nos haya enviado, por favor cont\u00e1ctanos.<\/p>\n\n<h3 class=\"wp-block-heading\">Sobre Cookies, Direcciones IP, y Cookies en Datos de Registro<\/h3>\n\n<p>Una \u201ccookie\u201d o galleta inform\u00e1tica, es una pieza de datos registrada en el disco duro de un usuario, la cual contiene informaci\u00f3n sobre dicho usuario.<\/p>\n\n<p>El sitio de John Fetterman por PA utiliza una cookie para medir el compilado de estad\u00edsticas de uso en web, lo cual incluye el n\u00famero de visitantes en un mes, el n\u00famero de visitantes retornantes, nuestras p\u00e1ginas m\u00e1s populares, y otros datos. John Fetterman por PA tambi\u00e9n utilizar\u00e1 cookies para facilitar tu visita al sitio, guardando informaci\u00f3n que nos proveas para actividades de activismo, con la finalidad de que no tengas que re-ingresar ciertos datos una y otra vez.<\/p>\n\n<p>Igualmente, es posible que utilicemos servicios de terceras partes como Google Analytics. Esto nos ayuda a entender los patrones de tr\u00e1fico, y as\u00ed detectar si hay problemas con nuestro sitio. Es posible tambi\u00e9n que utilicemos im\u00e1genes incrustadas en nuestros correos electr\u00f3nicos para contabilizar la tasa de aperturas en nuestra correspondencia, para as\u00ed determinar cu\u00e1les son las correspondencias que m\u00e1s le ata\u00f1en y atraen a nuestros partidarios.<\/p>\n\n<h3 class=\"wp-block-heading\">Publicidad<\/h3>\n\n<p>Es posible que coloquemos publicidad en l\u00ednea a trav\u00e9s de vendedores terceros, incluyendo a Google, la cual ser\u00e1 mostrada en otros sitios del internet. En ciertos casos, es posible que esos vendedores terceros puedan decidir qu\u00e9 anuncios mostrarte, bas\u00e1ndose en tus visitas anteriores al sitio. En ning\u00fan momento tu informaci\u00f3n ser\u00e1 identificada de manera personal con esos vendedores terceros, ni tampoco se compartir\u00e1 con esos vendedores terceros ninguno de los datos que hayas compartido con nosotros. Si prefieres optar por evitar el uso de dichas cookies a terceros en el sitio, puedes hacerlo visitando la p\u00e1gina de la Iniciativa de Publicidad en Red (Network Advertising Initiative).<\/p>\n\n<h3 class=\"wp-block-heading\">Archivos De Registro Del Servidor<\/h3>\n\n<p>Nosotros registramos informaci\u00f3n t\u00e9cnica est\u00e1ndar, como por ejemplo, tu direcci\u00f3n IP, y el tipo de navegador que utilizas. Esta informaci\u00f3n es registrada para prop\u00f3sitos de reparaciones y para compilar las visitas hacia nuestras p\u00e1ginas para as\u00ed mejorar constantemente el sitio. Nosotros no utilizamos archivos de registro del servidor para rastrear el uso particular de un usuario individual en nuestro sitio.<\/p>\n\n<h3 class=\"wp-block-heading\">C\u00f3mo Darse de Baja \u00fa Optar de Nuestro Servicio<\/h3>\n\n<p>Las personas que se suscriban a las listas de email a trav\u00e9s de este sitio, recibir\u00e1n de manera peri\u00f3dica actualizaciones sobre John Fetterman por PA, ya sea por correo convencional, fax y\/o por correo electr\u00f3nico. T\u00fa puedes optar por no recibir m\u00e1s informaci\u00f3n futura por correo electr\u00f3nico utilizando el procedimiento para darse de baja especificado en los mensajes de correo electr\u00f3nico.<\/p>\n\n<h3 class=\"wp-block-heading\">C\u00f3mo Te Notificamos Sobre Cambios en la Pol\u00edtica de Privacidad<\/h3>\n\n<p>Es posible que cambiemos o actualicemos esta Pol\u00edtica de Privacidad si realizamos un cambio en nuestras pr\u00e1cticas, agregamos nuevas funcionalidades a nuestro sitio, o cambiamos funcionalidades presentes. Nosotros notificaremos a nuestros usuarios registrados por email y publicaremos anuncios pertinentes en este sitio, sobre cualquier cambio sustantivo a nuestra Pol\u00edtica de Privacidad. El uso de este sitio por tu parte tras la realizaci\u00f3n de dichos cambios constituye tu conformidad respectiva a la recopilaci\u00f3n de datos tuyos tanto en el pasado como en el futuro.<\/p>\n\n<h3 class=\"wp-block-heading\">C\u00f3mo Contactarnos<\/h3>\n\n<p>Cualquier pregunta referente a esta Pol\u00edtica de Privacidad debe ser enviada a <a href=\"mailto:hello@johnfetterman.com\" target=\"_blank\" rel=\"noreferrer noopener\">hello@johnfetterman.com<\/a><\/p>\n","protected":false},"excerpt":{"rendered":"<p>John Fetterman por PA ha generado este anuncio de privacidad para explicar c\u00f3mo utilizamos la informaci\u00f3n que t\u00fa nos proveas durante tus visitas a nuestro sitio y para declarar nuestro robusto compromiso hacia la privacidad&nbsp;&hellip;<\/p>\n","protected":false},"author":23,"featured_media":0,"parent":0,"menu_order":0,"comment_status":"closed","ping_status":"closed","template":"","meta":{"_acf_changed":false,"footnotes":""},"class_list":["post-1594","page","type-page","status-publish","hentry"],"acf":[],"yoast_head":"<!-- This site is optimized with the Yoast SEO plugin v27.4 - https:\/\/yoast.com\/product\/yoast-seo-wordpress\/ -->\n<title>Pol\u00edtica de Privacidad - John Fetterman<\/title>\n<meta name=\"robots\" content=\"index, follow, max-snippet:-1, max-image-preview:large, max-video-preview:-1\" \/>\n<link rel=\"canonical\" href=\"https:\/\/johnfetterman.com\/es\/politica-de-privacidad\/\" \/>\n<meta property=\"og:locale\" content=\"es_ES\" \/>\n<meta property=\"og:type\" content=\"article\" \/>\n<meta property=\"og:title\" content=\"Pol\u00edtica de Privacidad - John Fetterman\" \/>\n<meta property=\"og:description\" content=\"John Fetterman por PA ha generado este anuncio de privacidad para explicar c\u00f3mo utilizamos la informaci\u00f3n que t\u00fa nos proveas durante tus visitas a nuestro sitio y para declarar nuestro robusto compromiso hacia la privacidad&nbsp;&hellip;\" \/>\n<meta property=\"og:url\" content=\"https:\/\/johnfetterman.com\/es\/politica-de-privacidad\/\" \/>\n<meta property=\"og:site_name\" content=\"John Fetterman\" \/>\n<meta property=\"article:publisher\" content=\"https:\/\/www.facebook.com\/JohnFettermanPA\/\" \/>\n<meta property=\"article:modified_time\" content=\"2021-04-14T07:32:28+00:00\" \/>\n<meta property=\"og:image\" content=\"https:\/\/johnfetterman.com\/wp-content\/uploads\/2021\/01\/meta-1024x529.png\" \/>\n\t<meta property=\"og:image:width\" content=\"1024\" \/>\n\t<meta property=\"og:image:height\" content=\"529\" \/>\n\t<meta property=\"og:image:type\" content=\"image\/png\" \/>\n<meta name=\"twitter:card\" content=\"summary_large_image\" \/>\n<meta name=\"twitter:site\" content=\"@johnfetterman\" \/>\n<script type=\"application\/ld+json\" class=\"yoast-schema-graph\">{\"@context\":\"https:\\\/\\\/schema.org\",\"@graph\":[{\"@type\":\"WebPage\",\"@id\":\"https:\\\/\\\/johnfetterman.com\\\/es\\\/politica-de-privacidad\\\/\",\"url\":\"https:\\\/\\\/johnfetterman.com\\\/es\\\/politica-de-privacidad\\\/\",\"name\":\"Pol\u00edtica de Privacidad - John Fetterman\",\"isPartOf\":{\"@id\":\"https:\\\/\\\/johnfetterman.com\\\/es\\\/#website\"},\"datePublished\":\"2021-04-01T06:28:31+00:00\",\"dateModified\":\"2021-04-14T07:32:28+00:00\",\"breadcrumb\":{\"@id\":\"https:\\\/\\\/johnfetterman.com\\\/es\\\/politica-de-privacidad\\\/#breadcrumb\"},\"inLanguage\":\"es-ES\",\"potentialAction\":[{\"@type\":\"ReadAction\",\"target\":[\"https:\\\/\\\/johnfetterman.com\\\/es\\\/politica-de-privacidad\\\/\"]}]},{\"@type\":\"BreadcrumbList\",\"@id\":\"https:\\\/\\\/johnfetterman.com\\\/es\\\/politica-de-privacidad\\\/#breadcrumb\",\"itemListElement\":[{\"@type\":\"ListItem\",\"position\":1,\"name\":\"Home\",\"item\":\"https:\\\/\\\/johnfetterman.com\\\/es\\\/\"},{\"@type\":\"ListItem\",\"position\":2,\"name\":\"Pol\u00edtica de Privacidad\"}]},{\"@type\":\"WebSite\",\"@id\":\"https:\\\/\\\/johnfetterman.com\\\/es\\\/#website\",\"url\":\"https:\\\/\\\/johnfetterman.com\\\/es\\\/\",\"name\":\"John Fetterman\",\"description\":\"Sitio web oficial de la campa\u00f1a\",\"publisher\":{\"@id\":\"https:\\\/\\\/johnfetterman.com\\\/es\\\/#organization\"},\"potentialAction\":[{\"@type\":\"SearchAction\",\"target\":{\"@type\":\"EntryPoint\",\"urlTemplate\":\"https:\\\/\\\/johnfetterman.com\\\/es\\\/?s={search_term_string}\"},\"query-input\":{\"@type\":\"PropertyValueSpecification\",\"valueRequired\":true,\"valueName\":\"search_term_string\"}}],\"inLanguage\":\"es-ES\"},{\"@type\":\"Organization\",\"@id\":\"https:\\\/\\\/johnfetterman.com\\\/es\\\/#organization\",\"name\":\"John Fetterman\",\"url\":\"https:\\\/\\\/johnfetterman.com\\\/es\\\/\",\"logo\":{\"@type\":\"ImageObject\",\"inLanguage\":\"es-ES\",\"@id\":\"https:\\\/\\\/johnfetterman.com\\\/es\\\/#\\\/schema\\\/logo\\\/image\\\/\",\"url\":\"https:\\\/\\\/johnfetterman.com\\\/wp-content\\\/uploads\\\/2021\\\/01\\\/jf-logo.png\",\"contentUrl\":\"https:\\\/\\\/johnfetterman.com\\\/wp-content\\\/uploads\\\/2021\\\/01\\\/jf-logo.png\",\"width\":227,\"height\":58,\"caption\":\"John Fetterman\"},\"image\":{\"@id\":\"https:\\\/\\\/johnfetterman.com\\\/es\\\/#\\\/schema\\\/logo\\\/image\\\/\"},\"sameAs\":[\"https:\\\/\\\/www.facebook.com\\\/JohnFettermanPA\\\/\",\"https:\\\/\\\/x.com\\\/johnfetterman\",\"https:\\\/\\\/instagram.com\\\/johnfetterman\",\"https:\\\/\\\/www.youtube.com\\\/channel\\\/UCxY2CYHyZaHUkK9HyxKDMDA\"]}]}<\/script>\n<!-- \/ Yoast SEO plugin. -->","yoast_head_json":{"title":"Pol\u00edtica de Privacidad - John Fetterman","robots":{"index":"index","follow":"follow","max-snippet":"max-snippet:-1","max-image-preview":"max-image-preview:large","max-video-preview":"max-video-preview:-1"},"canonical":"https:\/\/johnfetterman.com\/es\/politica-de-privacidad\/","og_locale":"es_ES","og_type":"article","og_title":"Pol\u00edtica de Privacidad - John Fetterman","og_description":"John Fetterman por PA ha generado este anuncio de privacidad para explicar c\u00f3mo utilizamos la informaci\u00f3n que t\u00fa nos proveas durante tus visitas a nuestro sitio y para declarar nuestro robusto compromiso hacia la privacidad&nbsp;&hellip;","og_url":"https:\/\/johnfetterman.com\/es\/politica-de-privacidad\/","og_site_name":"John Fetterman","article_publisher":"https:\/\/www.facebook.com\/JohnFettermanPA\/","article_modified_time":"2021-04-14T07:32:28+00:00","og_image":[{"width":1024,"height":529,"url":"https:\/\/johnfetterman.com\/wp-content\/uploads\/2021\/01\/meta-1024x529.png","type":"image\/png"}],"twitter_card":"summary_large_image","twitter_site":"@johnfetterman","schema":{"@context":"https:\/\/schema.org","@graph":[{"@type":"WebPage","@id":"https:\/\/johnfetterman.com\/es\/politica-de-privacidad\/","url":"https:\/\/johnfetterman.com\/es\/politica-de-privacidad\/","name":"Pol\u00edtica de Privacidad - John Fetterman","isPartOf":{"@id":"https:\/\/johnfetterman.com\/es\/#website"},"datePublished":"2021-04-01T06:28:31+00:00","dateModified":"2021-04-14T07:32:28+00:00","breadcrumb":{"@id":"https:\/\/johnfetterman.com\/es\/politica-de-privacidad\/#breadcrumb"},"inLanguage":"es-ES","potentialAction":[{"@type":"ReadAction","target":["https:\/\/johnfetterman.com\/es\/politica-de-privacidad\/"]}]},{"@type":"BreadcrumbList","@id":"https:\/\/johnfetterman.com\/es\/politica-de-privacidad\/#breadcrumb","itemListElement":[{"@type":"ListItem","position":1,"name":"Home","item":"https:\/\/johnfetterman.com\/es\/"},{"@type":"ListItem","position":2,"name":"Pol\u00edtica de Privacidad"}]},{"@type":"WebSite","@id":"https:\/\/johnfetterman.com\/es\/#website","url":"https:\/\/johnfetterman.com\/es\/","name":"John Fetterman","description":"Sitio web oficial de la campa\u00f1a","publisher":{"@id":"https:\/\/johnfetterman.com\/es\/#organization"},"potentialAction":[{"@type":"SearchAction","target":{"@type":"EntryPoint","urlTemplate":"https:\/\/johnfetterman.com\/es\/?s={search_term_string}"},"query-input":{"@type":"PropertyValueSpecification","valueRequired":true,"valueName":"search_term_string"}}],"inLanguage":"es-ES"},{"@type":"Organization","@id":"https:\/\/johnfetterman.com\/es\/#organization","name":"John Fetterman","url":"https:\/\/johnfetterman.com\/es\/","logo":{"@type":"ImageObject","inLanguage":"es-ES","@id":"https:\/\/johnfetterman.com\/es\/#\/schema\/logo\/image\/","url":"https:\/\/johnfetterman.com\/wp-content\/uploads\/2021\/01\/jf-logo.png","contentUrl":"https:\/\/johnfetterman.com\/wp-content\/uploads\/2021\/01\/jf-logo.png","width":227,"height":58,"caption":"John Fetterman"},"image":{"@id":"https:\/\/johnfetterman.com\/es\/#\/schema\/logo\/image\/"},"sameAs":["https:\/\/www.facebook.com\/JohnFettermanPA\/","https:\/\/x.com\/johnfetterman","https:\/\/instagram.com\/johnfetterman","https:\/\/www.youtube.com\/channel\/UCxY2CYHyZaHUkK9HyxKDMDA"]}]}},"_links":{"self":[{"href":"https:\/\/johnfetterman.com\/es\/wp-json\/wp\/v2\/pages\/1594","targetHints":{"allow":["GET"]}}],"collection":[{"href":"https:\/\/johnfetterman.com\/es\/wp-json\/wp\/v2\/pages"}],"about":[{"href":"https:\/\/johnfetterman.com\/es\/wp-json\/wp\/v2\/types\/page"}],"author":[{"embeddable":true,"href":"https:\/\/johnfetterman.com\/es\/wp-json\/wp\/v2\/users\/23"}],"replies":[{"embeddable":true,"href":"https:\/\/johnfetterman.com\/es\/wp-json\/wp\/v2\/comments?post=1594"}],"version-history":[{"count":0,"href":"https:\/\/johnfetterman.com\/es\/wp-json\/wp\/v2\/pages\/1594\/revisions"}],"wp:attachment":[{"href":"https:\/\/johnfetterman.com\/es\/wp-json\/wp\/v2\/media?parent=1594"}],"curies":[{"name":"wp","href":"https:\/\/api.w.org\/{rel}","templated":true}]}}