
{"id":1596,"date":"2021-04-01T02:29:18","date_gmt":"2021-04-01T06:29:18","guid":{"rendered":"https:\/\/staging.jfsenate.flywheelsites.com\/comunicado-de-accesibilidad\/"},"modified":"2021-04-01T02:29:19","modified_gmt":"2021-04-01T06:29:19","slug":"comunicado-de-accesibilidad","status":"publish","type":"page","link":"https:\/\/johnfetterman.com\/es\/comunicado-de-accesibilidad\/","title":{"rendered":"Comunicado de Accesibilidad"},"content":{"rendered":"\n<p>Estamos realizando esfuerzos constantes para implementar mejoras relevantes junto a nuestros aliados de este sitio de internet para acatar los lineamientos de WCAG 2.0 AA. Si necesitas asistencia para utilizar cualquier cuesti\u00f3n encontrada dentro de este sitio o tienes preguntas o preocupaciones espec\u00edficas sobre la accesibilidad de este sitio, por favor cont\u00e1ctanos en <a href=\"mailto:hello@johnfetterman.com\" target=\"_blank\" rel=\"noreferrer noopener\">hello@johnfetterman.com<\/a>. <\/p>\n","protected":false},"excerpt":{"rendered":"<p>Estamos realizando esfuerzos constantes para implementar mejoras relevantes junto a nuestros aliados de este sitio de internet para acatar los lineamientos de WCAG 2.0 AA. Si necesitas asistencia para utilizar cualquier cuesti\u00f3n encontrada dentro de&nbsp;&hellip;<\/p>\n","protected":false},"author":23,"featured_media":0,"parent":0,"menu_order":0,"comment_status":"closed","ping_status":"closed","template":"","meta":{"_acf_changed":false,"footnotes":""},"class_list":["post-1596","page","type-page","status-publish","hentry"],"acf":[],"yoast_head":"<!-- This site is optimized with the Yoast SEO plugin v27.3 - https:\/\/yoast.com\/product\/yoast-seo-wordpress\/ -->\n<title>Comunicado de Accesibilidad - John Fetterman<\/title>\n<meta name=\"robots\" content=\"index, follow, max-snippet:-1, max-image-preview:large, max-video-preview:-1\" \/>\n<link rel=\"canonical\" href=\"https:\/\/johnfetterman.com\/es\/comunicado-de-accesibilidad\/\" \/>\n<meta property=\"og:locale\" content=\"es_ES\" \/>\n<meta property=\"og:type\" content=\"article\" \/>\n<meta property=\"og:title\" content=\"Comunicado de Accesibilidad - John Fetterman\" \/>\n<meta property=\"og:description\" content=\"Estamos realizando esfuerzos constantes para implementar mejoras relevantes junto a nuestros aliados de este sitio de internet para acatar los lineamientos de WCAG 2.0 AA. Si necesitas asistencia para utilizar cualquier cuesti\u00f3n encontrada dentro de&nbsp;&hellip;\" \/>\n<meta property=\"og:url\" content=\"https:\/\/johnfetterman.com\/es\/comunicado-de-accesibilidad\/\" \/>\n<meta property=\"og:site_name\" content=\"John Fetterman\" \/>\n<meta property=\"article:publisher\" content=\"https:\/\/www.facebook.com\/JohnFettermanPA\/\" \/>\n<meta property=\"article:modified_time\" content=\"2021-04-01T06:29:19+00:00\" \/>\n<meta property=\"og:image\" content=\"https:\/\/johnfetterman.com\/wp-content\/uploads\/2021\/01\/meta-1024x529.png\" \/>\n\t<meta property=\"og:image:width\" content=\"1024\" \/>\n\t<meta property=\"og:image:height\" content=\"529\" \/>\n\t<meta property=\"og:image:type\" content=\"image\/png\" \/>\n<meta name=\"twitter:card\" content=\"summary_large_image\" \/>\n<meta name=\"twitter:site\" content=\"@johnfetterman\" \/>\n<script type=\"application\/ld+json\" class=\"yoast-schema-graph\">{\"@context\":\"https:\\\/\\\/schema.org\",\"@graph\":[{\"@type\":\"WebPage\",\"@id\":\"https:\\\/\\\/johnfetterman.com\\\/es\\\/comunicado-de-accesibilidad\\\/\",\"url\":\"https:\\\/\\\/johnfetterman.com\\\/es\\\/comunicado-de-accesibilidad\\\/\",\"name\":\"Comunicado de Accesibilidad - John Fetterman\",\"isPartOf\":{\"@id\":\"https:\\\/\\\/johnfetterman.com\\\/es\\\/#website\"},\"datePublished\":\"2021-04-01T06:29:18+00:00\",\"dateModified\":\"2021-04-01T06:29:19+00:00\",\"breadcrumb\":{\"@id\":\"https:\\\/\\\/johnfetterman.com\\\/es\\\/comunicado-de-accesibilidad\\\/#breadcrumb\"},\"inLanguage\":\"es-ES\",\"potentialAction\":[{\"@type\":\"ReadAction\",\"target\":[\"https:\\\/\\\/johnfetterman.com\\\/es\\\/comunicado-de-accesibilidad\\\/\"]}]},{\"@type\":\"BreadcrumbList\",\"@id\":\"https:\\\/\\\/johnfetterman.com\\\/es\\\/comunicado-de-accesibilidad\\\/#breadcrumb\",\"itemListElement\":[{\"@type\":\"ListItem\",\"position\":1,\"name\":\"Home\",\"item\":\"https:\\\/\\\/johnfetterman.com\\\/es\\\/\"},{\"@type\":\"ListItem\",\"position\":2,\"name\":\"Comunicado de Accesibilidad\"}]},{\"@type\":\"WebSite\",\"@id\":\"https:\\\/\\\/johnfetterman.com\\\/es\\\/#website\",\"url\":\"https:\\\/\\\/johnfetterman.com\\\/es\\\/\",\"name\":\"John Fetterman\",\"description\":\"Sitio web oficial de la campa\u00f1a\",\"publisher\":{\"@id\":\"https:\\\/\\\/johnfetterman.com\\\/es\\\/#organization\"},\"potentialAction\":[{\"@type\":\"SearchAction\",\"target\":{\"@type\":\"EntryPoint\",\"urlTemplate\":\"https:\\\/\\\/johnfetterman.com\\\/es\\\/?s={search_term_string}\"},\"query-input\":{\"@type\":\"PropertyValueSpecification\",\"valueRequired\":true,\"valueName\":\"search_term_string\"}}],\"inLanguage\":\"es-ES\"},{\"@type\":\"Organization\",\"@id\":\"https:\\\/\\\/johnfetterman.com\\\/es\\\/#organization\",\"name\":\"John Fetterman\",\"url\":\"https:\\\/\\\/johnfetterman.com\\\/es\\\/\",\"logo\":{\"@type\":\"ImageObject\",\"inLanguage\":\"es-ES\",\"@id\":\"https:\\\/\\\/johnfetterman.com\\\/es\\\/#\\\/schema\\\/logo\\\/image\\\/\",\"url\":\"https:\\\/\\\/johnfetterman.com\\\/wp-content\\\/uploads\\\/2021\\\/01\\\/jf-logo.png\",\"contentUrl\":\"https:\\\/\\\/johnfetterman.com\\\/wp-content\\\/uploads\\\/2021\\\/01\\\/jf-logo.png\",\"width\":227,\"height\":58,\"caption\":\"John Fetterman\"},\"image\":{\"@id\":\"https:\\\/\\\/johnfetterman.com\\\/es\\\/#\\\/schema\\\/logo\\\/image\\\/\"},\"sameAs\":[\"https:\\\/\\\/www.facebook.com\\\/JohnFettermanPA\\\/\",\"https:\\\/\\\/x.com\\\/johnfetterman\",\"https:\\\/\\\/instagram.com\\\/johnfetterman\",\"https:\\\/\\\/www.youtube.com\\\/channel\\\/UCxY2CYHyZaHUkK9HyxKDMDA\"]}]}<\/script>\n<!-- \/ Yoast SEO plugin. -->","yoast_head_json":{"title":"Comunicado de Accesibilidad - John Fetterman","robots":{"index":"index","follow":"follow","max-snippet":"max-snippet:-1","max-image-preview":"max-image-preview:large","max-video-preview":"max-video-preview:-1"},"canonical":"https:\/\/johnfetterman.com\/es\/comunicado-de-accesibilidad\/","og_locale":"es_ES","og_type":"article","og_title":"Comunicado de Accesibilidad - John Fetterman","og_description":"Estamos realizando esfuerzos constantes para implementar mejoras relevantes junto a nuestros aliados de este sitio de internet para acatar los lineamientos de WCAG 2.0 AA. Si necesitas asistencia para utilizar cualquier cuesti\u00f3n encontrada dentro de&nbsp;&hellip;","og_url":"https:\/\/johnfetterman.com\/es\/comunicado-de-accesibilidad\/","og_site_name":"John Fetterman","article_publisher":"https:\/\/www.facebook.com\/JohnFettermanPA\/","article_modified_time":"2021-04-01T06:29:19+00:00","og_image":[{"width":1024,"height":529,"url":"https:\/\/johnfetterman.com\/wp-content\/uploads\/2021\/01\/meta-1024x529.png","type":"image\/png"}],"twitter_card":"summary_large_image","twitter_site":"@johnfetterman","schema":{"@context":"https:\/\/schema.org","@graph":[{"@type":"WebPage","@id":"https:\/\/johnfetterman.com\/es\/comunicado-de-accesibilidad\/","url":"https:\/\/johnfetterman.com\/es\/comunicado-de-accesibilidad\/","name":"Comunicado de Accesibilidad - John Fetterman","isPartOf":{"@id":"https:\/\/johnfetterman.com\/es\/#website"},"datePublished":"2021-04-01T06:29:18+00:00","dateModified":"2021-04-01T06:29:19+00:00","breadcrumb":{"@id":"https:\/\/johnfetterman.com\/es\/comunicado-de-accesibilidad\/#breadcrumb"},"inLanguage":"es-ES","potentialAction":[{"@type":"ReadAction","target":["https:\/\/johnfetterman.com\/es\/comunicado-de-accesibilidad\/"]}]},{"@type":"BreadcrumbList","@id":"https:\/\/johnfetterman.com\/es\/comunicado-de-accesibilidad\/#breadcrumb","itemListElement":[{"@type":"ListItem","position":1,"name":"Home","item":"https:\/\/johnfetterman.com\/es\/"},{"@type":"ListItem","position":2,"name":"Comunicado de Accesibilidad"}]},{"@type":"WebSite","@id":"https:\/\/johnfetterman.com\/es\/#website","url":"https:\/\/johnfetterman.com\/es\/","name":"John Fetterman","description":"Sitio web oficial de la campa\u00f1a","publisher":{"@id":"https:\/\/johnfetterman.com\/es\/#organization"},"potentialAction":[{"@type":"SearchAction","target":{"@type":"EntryPoint","urlTemplate":"https:\/\/johnfetterman.com\/es\/?s={search_term_string}"},"query-input":{"@type":"PropertyValueSpecification","valueRequired":true,"valueName":"search_term_string"}}],"inLanguage":"es-ES"},{"@type":"Organization","@id":"https:\/\/johnfetterman.com\/es\/#organization","name":"John Fetterman","url":"https:\/\/johnfetterman.com\/es\/","logo":{"@type":"ImageObject","inLanguage":"es-ES","@id":"https:\/\/johnfetterman.com\/es\/#\/schema\/logo\/image\/","url":"https:\/\/johnfetterman.com\/wp-content\/uploads\/2021\/01\/jf-logo.png","contentUrl":"https:\/\/johnfetterman.com\/wp-content\/uploads\/2021\/01\/jf-logo.png","width":227,"height":58,"caption":"John Fetterman"},"image":{"@id":"https:\/\/johnfetterman.com\/es\/#\/schema\/logo\/image\/"},"sameAs":["https:\/\/www.facebook.com\/JohnFettermanPA\/","https:\/\/x.com\/johnfetterman","https:\/\/instagram.com\/johnfetterman","https:\/\/www.youtube.com\/channel\/UCxY2CYHyZaHUkK9HyxKDMDA"]}]}},"_links":{"self":[{"href":"https:\/\/johnfetterman.com\/es\/wp-json\/wp\/v2\/pages\/1596","targetHints":{"allow":["GET"]}}],"collection":[{"href":"https:\/\/johnfetterman.com\/es\/wp-json\/wp\/v2\/pages"}],"about":[{"href":"https:\/\/johnfetterman.com\/es\/wp-json\/wp\/v2\/types\/page"}],"author":[{"embeddable":true,"href":"https:\/\/johnfetterman.com\/es\/wp-json\/wp\/v2\/users\/23"}],"replies":[{"embeddable":true,"href":"https:\/\/johnfetterman.com\/es\/wp-json\/wp\/v2\/comments?post=1596"}],"version-history":[{"count":0,"href":"https:\/\/johnfetterman.com\/es\/wp-json\/wp\/v2\/pages\/1596\/revisions"}],"wp:attachment":[{"href":"https:\/\/johnfetterman.com\/es\/wp-json\/wp\/v2\/media?parent=1596"}],"curies":[{"name":"wp","href":"https:\/\/api.w.org\/{rel}","templated":true}]}}