
{"id":1601,"date":"2021-04-01T02:42:17","date_gmt":"2021-04-01T06:42:17","guid":{"rendered":"https:\/\/staging.jfsenate.flywheelsites.com\/prioridades\/"},"modified":"2022-08-26T13:51:38","modified_gmt":"2022-08-26T17:51:38","slug":"prioridades","status":"publish","type":"page","link":"https:\/\/johnfetterman.com\/es\/prioridades\/","title":{"rendered":"Prioridades"},"content":{"rendered":"\n<h2 class=\"wp-block-heading\">Lo que John cree <\/h2>\n\n\n\n<ul class=\"wp-block-list\"><li><strong>El salario m\u00ednimo debe ser un salario digno de <em>por lo menos<\/em> $15 por hora<\/strong>. Todo el trabajo tiene una dignidad intr\u00ednseca, y los salarios deben reflejar este principio.<\/li><li><strong>La atenci\u00f3n m\u00e9dica es un derecho humano fundamental<\/strong> \u2013 al igual que la vivienda, el alimento, y la educaci\u00f3n. <\/li><li><strong>El cambio clim\u00e1tico es una amenaza existencial.<\/strong> Necesitamos realizar una transici\u00f3n hacia la energ\u00eda limpia lo m\u00e1s pronto posible, y podemos crear millones de empleos bien pagados y sindicalizados en este proceso. <\/li><li><strong>La marihuana debe ser legalizada a nivel nacional<\/strong> \u2014 a nombre de los empleos, la justicia, los veteranos, los agricultores, y los ingresos. Ha llegado la hora de acabar con la fallida guerra contra las drogas. <\/li><li><strong>La inmigraci\u00f3n es lo que hace a Estados Unidos una naci\u00f3n diferente.<\/strong> Necesitamos una respuesta compasiva a la reforma migratoria, la cual trate verdaderamente a las personas migrantes como seres humanos. <\/li><li><strong>Las Vidas Negras Importan. <\/strong>John ha fungido como alcalde de una ciudad que es m\u00e1s de 80% afroamericana, y ha estado al frente de la lucha por reconocer que las vidas negras importan, desde antes que fuera una tendencia en redes sociales. <\/li><li><strong>La sindicalizaci\u00f3n es sagrada<\/strong>. Es el cimiento de nuestra naci\u00f3n y debemos protegerla. <\/li><li><strong>El derecho de una mujer al aborto no es negociable<\/strong>. Las mujeres deben tener el control absoluto de sus propios cuerpos y sus vidas. Punto.<\/li><li><strong>Las comunidades LGBTQIA+ merecen protecciones iguales ante la ley<\/strong>. John <em>siempre <\/em> ha defendido la igualdad, y fue uno de los primeros funcionarios electos que ofici\u00f3 una boda entre personas del mismo sexo \u2014 cuando a\u00fan era ilegal hacerlo. <\/li><li><strong>Eliminar el dinero corporativista de nuestra pol\u00edtica<\/strong>. John se reh\u00fasa a recibir contribuciones de parte de PACs corporativos, y ha firmado la Promesa \u201cNo Dinero de Combustibles F\u00f3siles.\u201d<\/li><\/ul>\n","protected":false},"excerpt":{"rendered":"<p>Lo que John cree El salario m\u00ednimo debe ser un salario digno de por lo menos $15 por hora. Todo el trabajo tiene una dignidad intr\u00ednseca, y los salarios deben reflejar este principio. La atenci\u00f3n&nbsp;&hellip;<\/p>\n","protected":false},"author":23,"featured_media":1574,"parent":0,"menu_order":0,"comment_status":"closed","ping_status":"closed","template":"page-issues.php","meta":{"_acf_changed":false,"footnotes":""},"class_list":["post-1601","page","type-page","status-publish","has-post-thumbnail","hentry"],"acf":[],"yoast_head":"<!-- This site is optimized with the Yoast SEO plugin v27.5 - https:\/\/yoast.com\/product\/yoast-seo-wordpress\/ -->\n<title>Prioridades - John Fetterman<\/title>\n<meta name=\"robots\" content=\"index, follow, max-snippet:-1, max-image-preview:large, max-video-preview:-1\" \/>\n<link rel=\"canonical\" href=\"https:\/\/johnfetterman.com\/es\/prioridades\/\" \/>\n<meta property=\"og:locale\" content=\"es_ES\" \/>\n<meta property=\"og:type\" content=\"article\" \/>\n<meta property=\"og:title\" content=\"Prioridades - John Fetterman\" \/>\n<meta property=\"og:description\" content=\"Lo que John cree El salario m\u00ednimo debe ser un salario digno de por lo menos $15 por hora. Todo el trabajo tiene una dignidad intr\u00ednseca, y los salarios deben reflejar este principio. La atenci\u00f3n&nbsp;&hellip;\" \/>\n<meta property=\"og:url\" content=\"https:\/\/johnfetterman.com\/es\/prioridades\/\" \/>\n<meta property=\"og:site_name\" content=\"John Fetterman\" \/>\n<meta property=\"article:publisher\" content=\"https:\/\/www.facebook.com\/JohnFettermanPA\/\" \/>\n<meta property=\"article:modified_time\" content=\"2022-08-26T17:51:38+00:00\" \/>\n<meta property=\"og:image\" content=\"https:\/\/johnfetterman.com\/wp-content\/uploads\/2021\/01\/meta.png\" \/>\n<meta name=\"twitter:card\" content=\"summary_large_image\" \/>\n<meta name=\"twitter:image\" content=\"https:\/\/johnfetterman.com\/wp-content\/uploads\/2021\/01\/meta.png\" \/>\n<meta name=\"twitter:site\" content=\"@johnfetterman\" \/>\n<script type=\"application\/ld+json\" class=\"yoast-schema-graph\">{\"@context\":\"https:\\\/\\\/schema.org\",\"@graph\":[{\"@type\":\"WebPage\",\"@id\":\"https:\\\/\\\/johnfetterman.com\\\/es\\\/prioridades\\\/\",\"url\":\"https:\\\/\\\/johnfetterman.com\\\/es\\\/prioridades\\\/\",\"name\":\"Prioridades - John Fetterman\",\"isPartOf\":{\"@id\":\"https:\\\/\\\/johnfetterman.com\\\/es\\\/#website\"},\"primaryImageOfPage\":{\"@id\":\"https:\\\/\\\/johnfetterman.com\\\/es\\\/prioridades\\\/#primaryimage\"},\"image\":{\"@id\":\"https:\\\/\\\/johnfetterman.com\\\/es\\\/prioridades\\\/#primaryimage\"},\"thumbnailUrl\":\"https:\\\/\\\/johnfetterman.com\\\/wp-content\\\/uploads\\\/2021\\\/01\\\/issues.png\",\"datePublished\":\"2021-04-01T06:42:17+00:00\",\"dateModified\":\"2022-08-26T17:51:38+00:00\",\"breadcrumb\":{\"@id\":\"https:\\\/\\\/johnfetterman.com\\\/es\\\/prioridades\\\/#breadcrumb\"},\"inLanguage\":\"es-ES\",\"potentialAction\":[{\"@type\":\"ReadAction\",\"target\":[\"https:\\\/\\\/johnfetterman.com\\\/es\\\/prioridades\\\/\"]}]},{\"@type\":\"ImageObject\",\"inLanguage\":\"es-ES\",\"@id\":\"https:\\\/\\\/johnfetterman.com\\\/es\\\/prioridades\\\/#primaryimage\",\"url\":\"https:\\\/\\\/johnfetterman.com\\\/wp-content\\\/uploads\\\/2021\\\/01\\\/issues.png\",\"contentUrl\":\"https:\\\/\\\/johnfetterman.com\\\/wp-content\\\/uploads\\\/2021\\\/01\\\/issues.png\",\"width\":1280,\"height\":664},{\"@type\":\"BreadcrumbList\",\"@id\":\"https:\\\/\\\/johnfetterman.com\\\/es\\\/prioridades\\\/#breadcrumb\",\"itemListElement\":[{\"@type\":\"ListItem\",\"position\":1,\"name\":\"Home\",\"item\":\"https:\\\/\\\/johnfetterman.com\\\/es\\\/\"},{\"@type\":\"ListItem\",\"position\":2,\"name\":\"Prioridades\"}]},{\"@type\":\"WebSite\",\"@id\":\"https:\\\/\\\/johnfetterman.com\\\/es\\\/#website\",\"url\":\"https:\\\/\\\/johnfetterman.com\\\/es\\\/\",\"name\":\"John Fetterman\",\"description\":\"Sitio web oficial de la campa\u00f1a\",\"publisher\":{\"@id\":\"https:\\\/\\\/johnfetterman.com\\\/es\\\/#organization\"},\"potentialAction\":[{\"@type\":\"SearchAction\",\"target\":{\"@type\":\"EntryPoint\",\"urlTemplate\":\"https:\\\/\\\/johnfetterman.com\\\/es\\\/?s={search_term_string}\"},\"query-input\":{\"@type\":\"PropertyValueSpecification\",\"valueRequired\":true,\"valueName\":\"search_term_string\"}}],\"inLanguage\":\"es-ES\"},{\"@type\":\"Organization\",\"@id\":\"https:\\\/\\\/johnfetterman.com\\\/es\\\/#organization\",\"name\":\"John Fetterman\",\"url\":\"https:\\\/\\\/johnfetterman.com\\\/es\\\/\",\"logo\":{\"@type\":\"ImageObject\",\"inLanguage\":\"es-ES\",\"@id\":\"https:\\\/\\\/johnfetterman.com\\\/es\\\/#\\\/schema\\\/logo\\\/image\\\/\",\"url\":\"https:\\\/\\\/johnfetterman.com\\\/wp-content\\\/uploads\\\/2021\\\/01\\\/jf-logo.png\",\"contentUrl\":\"https:\\\/\\\/johnfetterman.com\\\/wp-content\\\/uploads\\\/2021\\\/01\\\/jf-logo.png\",\"width\":227,\"height\":58,\"caption\":\"John Fetterman\"},\"image\":{\"@id\":\"https:\\\/\\\/johnfetterman.com\\\/es\\\/#\\\/schema\\\/logo\\\/image\\\/\"},\"sameAs\":[\"https:\\\/\\\/www.facebook.com\\\/JohnFettermanPA\\\/\",\"https:\\\/\\\/x.com\\\/johnfetterman\",\"https:\\\/\\\/instagram.com\\\/johnfetterman\",\"https:\\\/\\\/www.youtube.com\\\/channel\\\/UCxY2CYHyZaHUkK9HyxKDMDA\"]}]}<\/script>\n<!-- \/ Yoast SEO plugin. -->","yoast_head_json":{"title":"Prioridades - John Fetterman","robots":{"index":"index","follow":"follow","max-snippet":"max-snippet:-1","max-image-preview":"max-image-preview:large","max-video-preview":"max-video-preview:-1"},"canonical":"https:\/\/johnfetterman.com\/es\/prioridades\/","og_locale":"es_ES","og_type":"article","og_title":"Prioridades - John Fetterman","og_description":"Lo que John cree El salario m\u00ednimo debe ser un salario digno de por lo menos $15 por hora. Todo el trabajo tiene una dignidad intr\u00ednseca, y los salarios deben reflejar este principio. La atenci\u00f3n&nbsp;&hellip;","og_url":"https:\/\/johnfetterman.com\/es\/prioridades\/","og_site_name":"John Fetterman","article_publisher":"https:\/\/www.facebook.com\/JohnFettermanPA\/","article_modified_time":"2022-08-26T17:51:38+00:00","og_image":[{"url":"https:\/\/johnfetterman.com\/wp-content\/uploads\/2021\/01\/meta.png","type":"","width":"","height":""}],"twitter_card":"summary_large_image","twitter_image":"https:\/\/johnfetterman.com\/wp-content\/uploads\/2021\/01\/meta.png","twitter_site":"@johnfetterman","schema":{"@context":"https:\/\/schema.org","@graph":[{"@type":"WebPage","@id":"https:\/\/johnfetterman.com\/es\/prioridades\/","url":"https:\/\/johnfetterman.com\/es\/prioridades\/","name":"Prioridades - John Fetterman","isPartOf":{"@id":"https:\/\/johnfetterman.com\/es\/#website"},"primaryImageOfPage":{"@id":"https:\/\/johnfetterman.com\/es\/prioridades\/#primaryimage"},"image":{"@id":"https:\/\/johnfetterman.com\/es\/prioridades\/#primaryimage"},"thumbnailUrl":"https:\/\/johnfetterman.com\/wp-content\/uploads\/2021\/01\/issues.png","datePublished":"2021-04-01T06:42:17+00:00","dateModified":"2022-08-26T17:51:38+00:00","breadcrumb":{"@id":"https:\/\/johnfetterman.com\/es\/prioridades\/#breadcrumb"},"inLanguage":"es-ES","potentialAction":[{"@type":"ReadAction","target":["https:\/\/johnfetterman.com\/es\/prioridades\/"]}]},{"@type":"ImageObject","inLanguage":"es-ES","@id":"https:\/\/johnfetterman.com\/es\/prioridades\/#primaryimage","url":"https:\/\/johnfetterman.com\/wp-content\/uploads\/2021\/01\/issues.png","contentUrl":"https:\/\/johnfetterman.com\/wp-content\/uploads\/2021\/01\/issues.png","width":1280,"height":664},{"@type":"BreadcrumbList","@id":"https:\/\/johnfetterman.com\/es\/prioridades\/#breadcrumb","itemListElement":[{"@type":"ListItem","position":1,"name":"Home","item":"https:\/\/johnfetterman.com\/es\/"},{"@type":"ListItem","position":2,"name":"Prioridades"}]},{"@type":"WebSite","@id":"https:\/\/johnfetterman.com\/es\/#website","url":"https:\/\/johnfetterman.com\/es\/","name":"John Fetterman","description":"Sitio web oficial de la campa\u00f1a","publisher":{"@id":"https:\/\/johnfetterman.com\/es\/#organization"},"potentialAction":[{"@type":"SearchAction","target":{"@type":"EntryPoint","urlTemplate":"https:\/\/johnfetterman.com\/es\/?s={search_term_string}"},"query-input":{"@type":"PropertyValueSpecification","valueRequired":true,"valueName":"search_term_string"}}],"inLanguage":"es-ES"},{"@type":"Organization","@id":"https:\/\/johnfetterman.com\/es\/#organization","name":"John Fetterman","url":"https:\/\/johnfetterman.com\/es\/","logo":{"@type":"ImageObject","inLanguage":"es-ES","@id":"https:\/\/johnfetterman.com\/es\/#\/schema\/logo\/image\/","url":"https:\/\/johnfetterman.com\/wp-content\/uploads\/2021\/01\/jf-logo.png","contentUrl":"https:\/\/johnfetterman.com\/wp-content\/uploads\/2021\/01\/jf-logo.png","width":227,"height":58,"caption":"John Fetterman"},"image":{"@id":"https:\/\/johnfetterman.com\/es\/#\/schema\/logo\/image\/"},"sameAs":["https:\/\/www.facebook.com\/JohnFettermanPA\/","https:\/\/x.com\/johnfetterman","https:\/\/instagram.com\/johnfetterman","https:\/\/www.youtube.com\/channel\/UCxY2CYHyZaHUkK9HyxKDMDA"]}]}},"_links":{"self":[{"href":"https:\/\/johnfetterman.com\/es\/wp-json\/wp\/v2\/pages\/1601","targetHints":{"allow":["GET"]}}],"collection":[{"href":"https:\/\/johnfetterman.com\/es\/wp-json\/wp\/v2\/pages"}],"about":[{"href":"https:\/\/johnfetterman.com\/es\/wp-json\/wp\/v2\/types\/page"}],"author":[{"embeddable":true,"href":"https:\/\/johnfetterman.com\/es\/wp-json\/wp\/v2\/users\/23"}],"replies":[{"embeddable":true,"href":"https:\/\/johnfetterman.com\/es\/wp-json\/wp\/v2\/comments?post=1601"}],"version-history":[{"count":0,"href":"https:\/\/johnfetterman.com\/es\/wp-json\/wp\/v2\/pages\/1601\/revisions"}],"wp:featuredmedia":[{"embeddable":true,"href":"https:\/\/johnfetterman.com\/es\/wp-json\/wp\/v2\/media\/1574"}],"wp:attachment":[{"href":"https:\/\/johnfetterman.com\/es\/wp-json\/wp\/v2\/media?parent=1601"}],"curies":[{"name":"wp","href":"https:\/\/api.w.org\/{rel}","templated":true}]}}